{"id":2821,"date":"2025-03-29T14:31:07","date_gmt":"2025-03-29T13:31:07","guid":{"rendered":"https:\/\/www.esmvpharma.mr\/?page_id=2821"},"modified":"2025-03-29T17:34:14","modified_gmt":"2025-03-29T16:34:14","slug":"service-communautaire","status":"publish","type":"page","link":"http:\/\/www.esmvpharma.mr\/ar\/service-communautaire\/","title":{"rendered":"\u062e\u062f\u0645\u0629 \u0627\u0644\u0634\u0631\u0643\u0627\u0621"},"content":{"rendered":"<div data-elementor-type=\"wp-page\" data-elementor-id=\"2821\" class=\"elementor elementor-2821\">\n\t\t\t\t<div class=\"elementor-element elementor-element-26baefa5 service-details e-flex e-con-boxed e-con e-parent\" data-id=\"26baefa5\" data-element_type=\"container\" data-e-type=\"container\">\n\t\t\t\t\t<div class=\"e-con-inner\">\n\t\t<div class=\"elementor-element elementor-element-206c1872 e-con-full e-flex e-con e-child\" data-id=\"206c1872\" data-element_type=\"container\" data-e-type=\"container\">\n\t\t\t\t<div class=\"elementor-element elementor-element-6873b8ff elementor-widget elementor-widget-sidebar-nav\" data-id=\"6873b8ff\" data-element_type=\"widget\" data-e-type=\"widget\" data-widget_type=\"sidebar-nav.default\">\n\t\t\t\t<div class=\"elementor-widget-container\">\n\t\t\t\t\t    <div class=\"service-sidebar__single\">\r\n        <h3 class=\"service-sidebar__title\">\u062e\u062f\u0645\u0627\u062a\u0646\u0627<\/h3>                    <ul id=\"menu-services-menu\" class=\"list-unstyled service-sidebar__nav\"><li id=\"menu-item-124\" class=\"menu-item menu-item-type-post_type menu-item-object-page menu-item-124\"><a href=\"http:\/\/www.esmvpharma.mr\/ar\/acquisition-approvisionnement-des-produits\/\">\u0627\u0642\u062a\u0646\u0627\u0621 \u0648\u062a\u0648\u0631\u064a\u062f \u0627\u0644\u0645\u0646\u062a\u062c\u0627\u062a<\/a><\/li>\n<li id=\"menu-item-2830\" class=\"menu-item menu-item-type-post_type menu-item-object-page menu-item-2830\"><a href=\"http:\/\/www.esmvpharma.mr\/ar\/stockage-distribution\/\">\u0627\u0644\u062a\u062e\u0632\u064a\u0646 \u0648\u0627\u0644\u062a\u0648\u0632\u064a\u0639<\/a><\/li>\n<li id=\"menu-item-2829\" class=\"menu-item menu-item-type-post_type menu-item-object-page menu-item-2829\"><a href=\"http:\/\/www.esmvpharma.mr\/ar\/systemes-qualite\/\">\u0646\u0638\u0645 \u0627\u0644\u062c\u0648\u062f\u0629<\/a><\/li>\n<li id=\"menu-item-2831\" class=\"menu-item menu-item-type-post_type menu-item-object-page menu-item-2831\"><a href=\"http:\/\/www.esmvpharma.mr\/ar\/service-client\/\">\u062e\u062f\u0645\u0629 \u0627\u0644\u0632\u0628\u0646\u0627\u0621<\/a><\/li>\n<li id=\"menu-item-2827\" class=\"menu-item menu-item-type-post_type menu-item-object-page menu-item-2827\"><a href=\"http:\/\/www.esmvpharma.mr\/ar\/service-communautaire\/\">\u062e\u062f\u0645\u0629 \u0627\u0644\u0634\u0631\u0643\u0627\u0621<\/a><\/li>\n<li id=\"menu-item-2828\" class=\"menu-item menu-item-type-post_type menu-item-object-page menu-item-2828\"><a href=\"http:\/\/www.esmvpharma.mr\/ar\/services-aux-partenaires\/\">\u062e\u062f\u0645\u0629 \u0627\u0644\u0645\u062c\u062a\u0645\u0639<\/a><\/li>\n<\/ul>            <\/div><!-- \/.service-sidebar__single -->\r\n\t\t\t\t<\/div>\n\t\t\t\t<\/div>\n\t\t\t\t<div class=\"elementor-element elementor-element-4d394035 elementor-widget elementor-widget-laboix-sidebar-call-to-action\" data-id=\"4d394035\" data-element_type=\"widget\" data-e-type=\"widget\" data-widget_type=\"laboix-sidebar-call-to-action.default\">\n\t\t\t\t<div class=\"elementor-widget-container\">\n\t\t\t\t\t    <div class=\"service-sidebar__single  wow fadeInUp\" data-wow-delay='500ms'>\r\n        <div class=\"service-sidebar__contact\">\r\n            <h3 class=\"service-sidebar__contact-title\">\u0647\u0644 \u0644\u062f\u064a\u0643 \u0623\u064a \u0633\u0624\u0627\u0644\u061f<\/h3>                            <div class=\"service-sidebar__contact-btn\">\r\n                    <a href=\"https:\/\/www.esmvpharma.mr\/ar\/contact\/\"  class=\"laboix-btn laboix-btn--submite\">\r\n                        \u062a\u0648\u0627\u0635\u0644 \u0645\u0639\u0646\u0627                    <\/a>\r\n                <\/div><!-- \/.service-sidebar__contact__icon -->\r\n                        <div class=\"service-sidebar__contact-image\">\r\n                            <\/div>\r\n            <div class=\"service-sidebar__contact-angle\">\r\n                <img decoding=\"async\" src=\"https:\/\/www.esmvpharma.mr\/wp-content\/uploads\/2024\/04\/about-shape-3-2-1.png\" alt=\"about-shape-3-2\" title=\"about-shape-3-2\" >            <\/div>\r\n        <\/div><!-- \/.service-sidebar__contact -->\r\n    <\/div>\r\n\r\n\r\n\t\t\t\t<\/div>\n\t\t\t\t<\/div>\n\t\t\t\t<\/div>\n\t\t<div class=\"elementor-element elementor-element-567e8012 e-con-full e-flex e-con e-child\" data-id=\"567e8012\" data-element_type=\"container\" data-e-type=\"container\">\n\t\t\t\t<div class=\"elementor-element elementor-element-4af33d7 elementor-widget elementor-widget-heading\" data-id=\"4af33d7\" data-element_type=\"widget\" data-e-type=\"widget\" data-widget_type=\"heading.default\">\n\t\t\t\t<div class=\"elementor-widget-container\">\n\t\t\t\t\t<h2 class=\"elementor-heading-title elementor-size-default\">\u062e\u062f\u0645\u0629 \u0627\u0644\u0634\u0631\u0643\u0627\u0621<\/h2>\t\t\t\t<\/div>\n\t\t\t\t<\/div>\n\t\t\t\t<div class=\"elementor-element elementor-element-177248f4 elementor-widget elementor-widget-laboix-service-details\" data-id=\"177248f4\" data-element_type=\"widget\" data-e-type=\"widget\" data-widget_type=\"laboix-service-details.default\">\n\t\t\t\t<div class=\"elementor-widget-container\">\n\t\t\t\t\t\t<div class=\"service-details__single\">\r\n\t\t<div class=\"service-details__thumbnail wow fadeInUp\" data-wow-delay='300ms'>\r\n\t\t\t\t\t<\/div><!-- \/.service-details__thumbnail -->\r\n\t\t\r\n\t\t<p class=\"service-details__text wow fadeInUp\" data-wow-delay='350ms'>\u0646\u062d\u0646 \u0646\u0642\u062f\u0645 \u0641\u0631\u0635\u0629 \u0641\u0631\u064a\u062f\u0629 \u0644\u0644\u062f\u062e\u0648\u0644 \u0625\u0644\u0649 \u0627\u0644\u0633\u0648\u0642 \u0627\u0644\u0645\u0648\u0631\u064a\u062a\u0627\u0646\u064a \u0645\u0646 \u062e\u0644\u0627\u0644 \u062e\u062f\u0645\u0627\u062a\u0646\u0627 \u0627\u0644\u0645\u062a\u0643\u0627\u0645\u0644\u0629 \u0641\u064a \u062a\u0648\u0631\u064a\u062f \u0648\u062a\u0648\u0632\u064a\u0639 \u0627\u0644\u0623\u062f\u0648\u064a\u0629. \u0646\u062d\u0646 \u0634\u0631\u0643\u0629 \u0645\u062a\u062e\u0635\u0635\u0629 \u062a\u062a\u0645\u062a\u0639 \u0628\u062e\u0628\u0631\u0629 \u0648\u0627\u0633\u0639\u0629 \u0641\u064a \u0633\u0648\u0642 \u0627\u0644\u0623\u062f\u0648\u064a\u0629\u060c \u0648\u0646\u0645\u062a\u0644\u0643 \u0634\u0628\u0643\u0629 \u062a\u0648\u0632\u064a\u0639 \u0642\u0648\u064a\u0629 \u062a\u063a\u0637\u064a \u0645\u062e\u062a\u0644\u0641 \u0623\u0646\u062d\u0627\u0621 \u0645\u0648\u0631\u064a\u062a\u0627\u0646\u064a\u0627.<\/p>\r\n\r\n\t\t<h3 class=\"service-details__sub-title wow fadeInUp\" data-wow-delay='300ms'>\u0644\u0645\u0627\u0630\u0627 \u062a\u062e\u062a\u0627\u0631\u0648\u0646 \u0634\u0631\u0643\u062a\u0646\u0627\u061f<\/h3><!-- \/.service-details__title -->\r\n\t\t<!-- \/.service-details__text -->\r\n\t\t<p class=\"service-details__text wow fadeInUp\" data-wow-delay='350ms'><b>\u2714 \u0627\u0644\u0648\u0635\u0648\u0644 \u0625\u0644\u0649 \u0627\u0644\u0633\u0648\u0642 \u0627\u0644\u0645\u0648\u0631\u064a\u062a\u0627\u0646\u064a<\/b> \u0646\u0648\u0641\u0631 \u0644\u0643\u0645 <b>\u0642\u0646\u0627\u0629 \u062a\u0648\u0632\u064a\u0639 \u0641\u0639\u0627\u0644\u0629<\/b>\u062a\u0645\u0643\u0646\u0643\u0645 \u0645\u0646 \u062a\u0642\u062f\u064a\u0645 \u0645\u0646\u062a\u062c\u0627\u062a\u0643\u0645 \u0625\u0644\u0649 <b>\u0627\u0644\u0645\u0633\u062a\u0634\u0641\u064a\u0627\u062a\u060c \u0627\u0644\u0635\u064a\u062f\u0644\u064a\u0627\u062a\u060c \u0648\u0627\u0644\u0645\u0631\u0627\u0641\u0642 \u0627\u0644\u0635\u062d\u064a\u0629<\/b> \u0641\u064a \u0645\u0648\u0631\u064a\u062a\u0627\u0646\u064a\u0627.<br \/>\n<b>\u2714 \u0627\u0644\u062a\u0648\u0627\u0641\u0642 \u0645\u0639 \u0627\u0644\u0644\u0648\u0627\u0626\u062d \u0627\u0644\u0645\u062d\u0644\u064a\u0629:<\/b> \u0646\u0636\u0645\u0646 \u0644\u0643\u0645 <b>\u0646\u0636\u0645\u0646 \u0644\u0643\u0645 \u0627\u0644\u0627\u0645\u062a\u062b\u0627\u0644 \u0627\u0644\u0643\u0627\u0645\u0644 \u0644\u0644\u0642\u0648\u0627\u0646\u064a\u0646 \u0648\u0627\u0644\u0644\u0648\u0627\u0626\u062d \u0627\u0644\u0635\u062d\u064a\u0629 \u0641\u064a \u0645\u0648\u0631\u064a\u062a\u0627\u0646\u064a\u0627\u060c<\/b>\u0645\u0639 \u062a\u0633\u0647\u064a\u0644 <b>\u0639\u0645\u0644\u064a\u0627\u062a \u0627\u0644\u062a\u0633\u062c\u064a\u0644 \u0648\u0627\u0644\u062a\u0631\u062e\u064a\u0635. <\/b><br \/>\n<b>\u2714 \u0636\u0645\u0627\u0646 \u0627\u0644\u062d\u0642\u0648\u0642 \u0648\u0627\u0644\u0645\u0633\u062a\u062d\u0642\u0627\u062a <\/b>\u0646\u0642\u062f\u0645 \u0644\u0643\u0645 \u0636\u0645\u0627\u0646\u0627\u062a <b>\u0648\u0645\u0627\u0644\u064a\u0629<\/b>\u062a\u0636\u0645\u0646 \u062d\u0635\u0648\u0644\u0643\u0645 \u0639\u0644\u0649 \u062c\u0645\u064a\u0639 <b>\u0645\u0633\u062a\u062d\u0642\u0627\u062a\u0643\u0645 \u0641\u064a<\/b> \u0627\u0644\u0648\u0642\u062a \u0627\u0644\u0645\u062d\u062f\u062f.\n<br \/><b>\u2714 \u0625\u062f\u0627\u0631\u0629 \u0644\u0648\u062c\u0633\u062a\u064a\u0629 \u0645\u062a\u0643\u0627\u0645\u0644\u0629<\/b> \u0646\u0648\u0641\u0631 \u062d\u0644\u0648\u0644 \u0634\u062d\u0646 <b>\u062a\u062e\u0632\u064a\u0646\u060c \u0648\u062a\u0648\u0632\u064a\u0639<\/b>\u0628\u0623\u0639\u0644\u0649 <b>\u0645\u0639\u0627\u064a\u064a\u0631 \u0627\u0644\u062c\u0648\u062f\u0629<\/b> \u0644\u0636\u0645\u0627\u0646 <b>\u0633\u0644\u0627\u0645\u0629 \u0627\u0644\u0645\u0646\u062a\u062c\u0627\u062a<\/b> \u0648\u0641\u0639\u0627\u0644\u064a\u062a\u0647\u0627.<br \/><br \/>\n\u0625\u0630\u0627 \u0643\u0646\u062a\u0645 \u062a\u0628\u062d\u062b\u0648\u0646 <b>\u0639\u0646 \u0634\u0631\u064a\u0643 \u0645\u0648\u062b\u0648\u0642<\/b> \u0644\u062a\u0648\u0632\u064a\u0639 \u0645\u0646\u062a\u062c\u0627\u062a\u0643\u0645 \u0641\u064a \u0645\u0648\u0631\u064a\u062a\u0627\u0646\u064a\u0627\u060c <b>\u0641\u0644\u0627 \u062a\u062a\u0631\u062f\u062f\u0648\u0627 \u0641\u064a \u0627\u0644\u062a\u0648\u0627\u0635\u0644 \u0645\u0639\u0646\u0627 <\/b>\n<\/p><!-- \/.service-details__text -->\r\n\t<\/div><!-- \/.service-details__single-->\r\n\r\n\t\t\t\t<\/div>\n\t\t\t\t<\/div>\n\t\t\t\t<\/div>\n\t\t\t\t\t<\/div>\n\t\t\t\t<\/div>\n\t\t\t\t<\/div>","protected":false},"excerpt":{"rendered":"<p>Nos Services Acquisition et approvisionnement des produits Stockage et distribution Systemes de gestion de qualit\u00e9 Services a la Clientele Services aux Partenaires Services \u00e0 la communaut\u00e9 Vous avez ne Questions? Contactez-Nous Services aux Partenaires Nous offrons une opportunit\u00e9 unique d\u2019acc\u00e9der au march\u00e9 mauritanien gr\u00e2ce \u00e0 nos services int\u00e9gr\u00e9s d\u2019approvisionnement et de distribution de m\u00e9dicaments. En [&hellip;]<\/p>\n","protected":false},"author":1,"featured_media":0,"parent":0,"menu_order":0,"comment_status":"closed","ping_status":"closed","template":"elementor_header_footer","meta":{"footnotes":""},"class_list":["post-2821","page","type-page","status-publish","hentry"],"yoast_head":"<!-- This site is optimized with the Yoast SEO plugin v27.4 - https:\/\/yoast.com\/product\/yoast-seo-wordpress\/ -->\n<title>Acquisition et approvisionnement des produits<\/title>\n<meta name=\"robots\" content=\"index, follow, max-snippet:-1, max-image-preview:large, max-video-preview:-1\" \/>\n<link rel=\"canonical\" href=\"https:\/\/www.esmvpharma.mr\/ar\/service-communautaire\/\" \/>\n<meta property=\"og:locale\" content=\"ar_AR\" \/>\n<meta property=\"og:type\" content=\"article\" \/>\n<meta property=\"og:title\" content=\"Acquisition et approvisionnement des produits\" \/>\n<meta property=\"og:description\" content=\"Nos Services Acquisition et approvisionnement des produits Stockage et distribution Systemes de gestion de qualit\u00e9 Services a la Clientele Services aux Partenaires Services \u00e0 la communaut\u00e9 Vous avez ne Questions? Contactez-Nous Services aux Partenaires Nous offrons une opportunit\u00e9 unique d\u2019acc\u00e9der au march\u00e9 mauritanien gr\u00e2ce \u00e0 nos services int\u00e9gr\u00e9s d\u2019approvisionnement et de distribution de m\u00e9dicaments. En [&hellip;]\" \/>\n<meta property=\"og:url\" content=\"https:\/\/www.esmvpharma.mr\/ar\/service-communautaire\/\" \/>\n<meta property=\"og:site_name\" content=\"ESMV PHARMA\" \/>\n<meta property=\"article:modified_time\" content=\"2025-03-29T16:34:14+00:00\" \/>\n<meta property=\"og:image\" content=\"https:\/\/www.esmvpharma.mr\/wp-content\/uploads\/2024\/04\/about-shape-3-2-1.png\" \/>\n<meta name=\"twitter:card\" content=\"summary_large_image\" \/>\n<meta name=\"twitter:label1\" content=\"\u0648\u0642\u062a \u0627\u0644\u0642\u0631\u0627\u0621\u0629 \u0627\u0644\u0645\u064f\u0642\u062f\u0651\u0631\" \/>\n\t<meta name=\"twitter:data1\" content=\"\u062f\u0642\u064a\u0642\u062a\u0627\u0646\" \/>\n<script type=\"application\/ld+json\" class=\"yoast-schema-graph\">{\"@context\":\"https:\\\/\\\/schema.org\",\"@graph\":[{\"@type\":\"WebPage\",\"@id\":\"https:\\\/\\\/www.esmvpharma.mr\\\/service-communautaire\\\/\",\"url\":\"https:\\\/\\\/www.esmvpharma.mr\\\/service-communautaire\\\/\",\"name\":\"Acquisition et approvisionnement des produits\",\"isPartOf\":{\"@id\":\"https:\\\/\\\/www.esmvpharma.mr\\\/#website\"},\"primaryImageOfPage\":{\"@id\":\"https:\\\/\\\/www.esmvpharma.mr\\\/service-communautaire\\\/#primaryimage\"},\"image\":{\"@id\":\"https:\\\/\\\/www.esmvpharma.mr\\\/service-communautaire\\\/#primaryimage\"},\"thumbnailUrl\":\"https:\\\/\\\/www.esmvpharma.mr\\\/wp-content\\\/uploads\\\/2024\\\/04\\\/about-shape-3-2-1.png\",\"datePublished\":\"2025-03-29T13:31:07+00:00\",\"dateModified\":\"2025-03-29T16:34:14+00:00\",\"breadcrumb\":{\"@id\":\"https:\\\/\\\/www.esmvpharma.mr\\\/service-communautaire\\\/#breadcrumb\"},\"inLanguage\":\"ar\",\"potentialAction\":[{\"@type\":\"ReadAction\",\"target\":[\"https:\\\/\\\/www.esmvpharma.mr\\\/service-communautaire\\\/\"]}]},{\"@type\":\"ImageObject\",\"inLanguage\":\"ar\",\"@id\":\"https:\\\/\\\/www.esmvpharma.mr\\\/service-communautaire\\\/#primaryimage\",\"url\":\"https:\\\/\\\/www.esmvpharma.mr\\\/wp-content\\\/uploads\\\/2024\\\/04\\\/about-shape-3-2-1.png\",\"contentUrl\":\"https:\\\/\\\/www.esmvpharma.mr\\\/wp-content\\\/uploads\\\/2024\\\/04\\\/about-shape-3-2-1.png\"},{\"@type\":\"BreadcrumbList\",\"@id\":\"https:\\\/\\\/www.esmvpharma.mr\\\/service-communautaire\\\/#breadcrumb\",\"itemListElement\":[{\"@type\":\"ListItem\",\"position\":1,\"name\":\"Accueil\",\"item\":\"https:\\\/\\\/www.esmvpharma.mr\\\/\"},{\"@type\":\"ListItem\",\"position\":2,\"name\":\"Services aux Partenaires\"}]},{\"@type\":\"WebSite\",\"@id\":\"https:\\\/\\\/www.esmvpharma.mr\\\/#website\",\"url\":\"https:\\\/\\\/www.esmvpharma.mr\\\/\",\"name\":\"ESMV PHARMA\",\"description\":\"\",\"publisher\":{\"@id\":\"https:\\\/\\\/www.esmvpharma.mr\\\/#organization\"},\"potentialAction\":[{\"@type\":\"SearchAction\",\"target\":{\"@type\":\"EntryPoint\",\"urlTemplate\":\"https:\\\/\\\/www.esmvpharma.mr\\\/?s={search_term_string}\"},\"query-input\":{\"@type\":\"PropertyValueSpecification\",\"valueRequired\":true,\"valueName\":\"search_term_string\"}}],\"inLanguage\":\"ar\"},{\"@type\":\"Organization\",\"@id\":\"https:\\\/\\\/www.esmvpharma.mr\\\/#organization\",\"name\":\"ESMV PHARMA\",\"url\":\"https:\\\/\\\/www.esmvpharma.mr\\\/\",\"logo\":{\"@type\":\"ImageObject\",\"inLanguage\":\"ar\",\"@id\":\"https:\\\/\\\/www.esmvpharma.mr\\\/#\\\/schema\\\/logo\\\/image\\\/\",\"url\":\"https:\\\/\\\/www.esmvpharma.mr\\\/wp-content\\\/uploads\\\/2024\\\/04\\\/logo.png\",\"contentUrl\":\"https:\\\/\\\/www.esmvpharma.mr\\\/wp-content\\\/uploads\\\/2024\\\/04\\\/logo.png\",\"width\":454,\"height\":303,\"caption\":\"ESMV PHARMA\"},\"image\":{\"@id\":\"https:\\\/\\\/www.esmvpharma.mr\\\/#\\\/schema\\\/logo\\\/image\\\/\"}}]}<\/script>\n<!-- \/ Yoast SEO plugin. -->","yoast_head_json":{"title":"\u0627\u0642\u062a\u0646\u0627\u0621 \u0648\u062a\u0648\u0631\u064a\u062f \u0627\u0644\u0645\u0646\u062a\u062c\u0627\u062a","robots":{"index":"index","follow":"follow","max-snippet":"max-snippet:-1","max-image-preview":"max-image-preview:large","max-video-preview":"max-video-preview:-1"},"canonical":"https:\/\/www.esmvpharma.mr\/ar\/service-communautaire\/","og_locale":"ar_AR","og_type":"article","og_title":"Acquisition et approvisionnement des produits","og_description":"Nos Services Acquisition et approvisionnement des produits Stockage et distribution Systemes de gestion de qualit\u00e9 Services a la Clientele Services aux Partenaires Services \u00e0 la communaut\u00e9 Vous avez ne Questions? Contactez-Nous Services aux Partenaires Nous offrons une opportunit\u00e9 unique d\u2019acc\u00e9der au march\u00e9 mauritanien gr\u00e2ce \u00e0 nos services int\u00e9gr\u00e9s d\u2019approvisionnement et de distribution de m\u00e9dicaments. En [&hellip;]","og_url":"https:\/\/www.esmvpharma.mr\/ar\/service-communautaire\/","og_site_name":"ESMV PHARMA","article_modified_time":"2025-03-29T16:34:14+00:00","og_image":[{"url":"https:\/\/www.esmvpharma.mr\/wp-content\/uploads\/2024\/04\/about-shape-3-2-1.png","type":"","width":"","height":""}],"twitter_card":"summary_large_image","twitter_misc":{"\u0648\u0642\u062a \u0627\u0644\u0642\u0631\u0627\u0621\u0629 \u0627\u0644\u0645\u064f\u0642\u062f\u0651\u0631":"\u062f\u0642\u064a\u0642\u062a\u0627\u0646"},"schema":{"@context":"https:\/\/schema.org","@graph":[{"@type":"WebPage","@id":"https:\/\/www.esmvpharma.mr\/service-communautaire\/","url":"https:\/\/www.esmvpharma.mr\/service-communautaire\/","name":"\u0627\u0642\u062a\u0646\u0627\u0621 \u0648\u062a\u0648\u0631\u064a\u062f \u0627\u0644\u0645\u0646\u062a\u062c\u0627\u062a","isPartOf":{"@id":"https:\/\/www.esmvpharma.mr\/#website"},"primaryImageOfPage":{"@id":"https:\/\/www.esmvpharma.mr\/service-communautaire\/#primaryimage"},"image":{"@id":"https:\/\/www.esmvpharma.mr\/service-communautaire\/#primaryimage"},"thumbnailUrl":"https:\/\/www.esmvpharma.mr\/wp-content\/uploads\/2024\/04\/about-shape-3-2-1.png","datePublished":"2025-03-29T13:31:07+00:00","dateModified":"2025-03-29T16:34:14+00:00","breadcrumb":{"@id":"https:\/\/www.esmvpharma.mr\/service-communautaire\/#breadcrumb"},"inLanguage":"ar","potentialAction":[{"@type":"ReadAction","target":["https:\/\/www.esmvpharma.mr\/service-communautaire\/"]}]},{"@type":"ImageObject","inLanguage":"ar","@id":"https:\/\/www.esmvpharma.mr\/service-communautaire\/#primaryimage","url":"https:\/\/www.esmvpharma.mr\/wp-content\/uploads\/2024\/04\/about-shape-3-2-1.png","contentUrl":"https:\/\/www.esmvpharma.mr\/wp-content\/uploads\/2024\/04\/about-shape-3-2-1.png"},{"@type":"BreadcrumbList","@id":"https:\/\/www.esmvpharma.mr\/service-communautaire\/#breadcrumb","itemListElement":[{"@type":"ListItem","position":1,"name":"Accueil","item":"https:\/\/www.esmvpharma.mr\/"},{"@type":"ListItem","position":2,"name":"Services aux Partenaires"}]},{"@type":"WebSite","@id":"https:\/\/www.esmvpharma.mr\/#website","url":"https:\/\/www.esmvpharma.mr\/","name":"ESMV PHARMA","description":"","publisher":{"@id":"https:\/\/www.esmvpharma.mr\/#organization"},"potentialAction":[{"@type":"SearchAction","target":{"@type":"EntryPoint","urlTemplate":"https:\/\/www.esmvpharma.mr\/?s={search_term_string}"},"query-input":{"@type":"PropertyValueSpecification","valueRequired":true,"valueName":"search_term_string"}}],"inLanguage":"ar"},{"@type":"Organization","@id":"https:\/\/www.esmvpharma.mr\/#organization","name":"ESMV PHARMA","url":"https:\/\/www.esmvpharma.mr\/","logo":{"@type":"ImageObject","inLanguage":"ar","@id":"https:\/\/www.esmvpharma.mr\/#\/schema\/logo\/image\/","url":"https:\/\/www.esmvpharma.mr\/wp-content\/uploads\/2024\/04\/logo.png","contentUrl":"https:\/\/www.esmvpharma.mr\/wp-content\/uploads\/2024\/04\/logo.png","width":454,"height":303,"caption":"ESMV PHARMA"},"image":{"@id":"https:\/\/www.esmvpharma.mr\/#\/schema\/logo\/image\/"}}]}},"_links":{"self":[{"href":"http:\/\/www.esmvpharma.mr\/ar\/wp-json\/wp\/v2\/pages\/2821","targetHints":{"allow":["GET"]}}],"collection":[{"href":"http:\/\/www.esmvpharma.mr\/ar\/wp-json\/wp\/v2\/pages"}],"about":[{"href":"http:\/\/www.esmvpharma.mr\/ar\/wp-json\/wp\/v2\/types\/page"}],"author":[{"embeddable":true,"href":"http:\/\/www.esmvpharma.mr\/ar\/wp-json\/wp\/v2\/users\/1"}],"replies":[{"embeddable":true,"href":"http:\/\/www.esmvpharma.mr\/ar\/wp-json\/wp\/v2\/comments?post=2821"}],"version-history":[{"count":13,"href":"http:\/\/www.esmvpharma.mr\/ar\/wp-json\/wp\/v2\/pages\/2821\/revisions"}],"predecessor-version":[{"id":2891,"href":"http:\/\/www.esmvpharma.mr\/ar\/wp-json\/wp\/v2\/pages\/2821\/revisions\/2891"}],"wp:attachment":[{"href":"http:\/\/www.esmvpharma.mr\/ar\/wp-json\/wp\/v2\/media?parent=2821"}],"curies":[{"name":"wp","href":"https:\/\/api.w.org\/{rel}","templated":true}]}}