{"id":2786,"date":"2025-03-29T13:30:06","date_gmt":"2025-03-29T12:30:06","guid":{"rendered":"https:\/\/www.esmvpharma.mr\/?page_id=2786"},"modified":"2025-03-29T17:32:48","modified_gmt":"2025-03-29T16:32:48","slug":"service-client","status":"publish","type":"page","link":"https:\/\/www.esmvpharma.mr\/ar\/service-client\/","title":{"rendered":"\u062e\u062f\u0645\u0629 \u0627\u0644\u0632\u0628\u0646\u0627\u0621"},"content":{"rendered":"<div data-elementor-type=\"wp-page\" data-elementor-id=\"2786\" class=\"elementor elementor-2786\">\n\t\t\t\t<div class=\"elementor-element elementor-element-26baefa5 service-details e-flex e-con-boxed e-con e-parent\" data-id=\"26baefa5\" data-element_type=\"container\" data-e-type=\"container\">\n\t\t\t\t\t<div class=\"e-con-inner\">\n\t\t<div class=\"elementor-element elementor-element-206c1872 e-con-full e-flex e-con e-child\" data-id=\"206c1872\" data-element_type=\"container\" data-e-type=\"container\">\n\t\t\t\t<div class=\"elementor-element elementor-element-6873b8ff elementor-widget elementor-widget-sidebar-nav\" data-id=\"6873b8ff\" data-element_type=\"widget\" data-e-type=\"widget\" data-widget_type=\"sidebar-nav.default\">\n\t\t\t\t<div class=\"elementor-widget-container\">\n\t\t\t\t\t    <div class=\"service-sidebar__single\">\r\n        <h3 class=\"service-sidebar__title\">\u062e\u062f\u0645\u0627\u062a\u0646\u0627<\/h3>                    <ul id=\"menu-services-menu\" class=\"list-unstyled service-sidebar__nav\"><li id=\"menu-item-124\" class=\"menu-item menu-item-type-post_type menu-item-object-page menu-item-124\"><a href=\"https:\/\/www.esmvpharma.mr\/ar\/acquisition-approvisionnement-des-produits\/\">\u0627\u0642\u062a\u0646\u0627\u0621 \u0648\u062a\u0648\u0631\u064a\u062f \u0627\u0644\u0645\u0646\u062a\u062c\u0627\u062a<\/a><\/li>\n<li id=\"menu-item-2830\" class=\"menu-item menu-item-type-post_type menu-item-object-page menu-item-2830\"><a href=\"https:\/\/www.esmvpharma.mr\/ar\/stockage-distribution\/\">\u0627\u0644\u062a\u062e\u0632\u064a\u0646 \u0648\u0627\u0644\u062a\u0648\u0632\u064a\u0639<\/a><\/li>\n<li id=\"menu-item-2829\" class=\"menu-item menu-item-type-post_type menu-item-object-page menu-item-2829\"><a href=\"https:\/\/www.esmvpharma.mr\/ar\/systemes-qualite\/\">\u0646\u0638\u0645 \u0627\u0644\u062c\u0648\u062f\u0629<\/a><\/li>\n<li id=\"menu-item-2831\" class=\"menu-item menu-item-type-post_type menu-item-object-page menu-item-2831\"><a href=\"https:\/\/www.esmvpharma.mr\/ar\/service-client\/\">\u062e\u062f\u0645\u0629 \u0627\u0644\u0632\u0628\u0646\u0627\u0621<\/a><\/li>\n<li id=\"menu-item-2827\" class=\"menu-item menu-item-type-post_type menu-item-object-page menu-item-2827\"><a href=\"https:\/\/www.esmvpharma.mr\/ar\/service-communautaire\/\">\u062e\u062f\u0645\u0629 \u0627\u0644\u0634\u0631\u0643\u0627\u0621<\/a><\/li>\n<li id=\"menu-item-2828\" class=\"menu-item menu-item-type-post_type menu-item-object-page menu-item-2828\"><a href=\"https:\/\/www.esmvpharma.mr\/ar\/services-aux-partenaires\/\">\u062e\u062f\u0645\u0629 \u0627\u0644\u0645\u062c\u062a\u0645\u0639<\/a><\/li>\n<\/ul>            <\/div><!-- \/.service-sidebar__single -->\r\n\t\t\t\t<\/div>\n\t\t\t\t<\/div>\n\t\t\t\t<div class=\"elementor-element elementor-element-4d394035 elementor-widget elementor-widget-laboix-sidebar-call-to-action\" data-id=\"4d394035\" data-element_type=\"widget\" data-e-type=\"widget\" data-widget_type=\"laboix-sidebar-call-to-action.default\">\n\t\t\t\t<div class=\"elementor-widget-container\">\n\t\t\t\t\t    <div class=\"service-sidebar__single  wow fadeInUp\" data-wow-delay='500ms'>\r\n        <div class=\"service-sidebar__contact\">\r\n            <h3 class=\"service-sidebar__contact-title\">\u0647\u0644 \u0644\u062f\u064a\u0643 \u0623\u064a \u0633\u0624\u0627\u0644\u061f<\/h3>                            <div class=\"service-sidebar__contact-btn\">\r\n                    <a href=\"https:\/\/www.esmvpharma.mr\/ar\/contact\/\"  class=\"laboix-btn laboix-btn--submite\">\r\n                        \u062a\u0648\u0627\u0635\u0644 \u0645\u0639\u0646\u0627                    <\/a>\r\n                <\/div><!-- \/.service-sidebar__contact__icon -->\r\n                        <div class=\"service-sidebar__contact-image\">\r\n                            <\/div>\r\n            <div class=\"service-sidebar__contact-angle\">\r\n                <img decoding=\"async\" src=\"https:\/\/www.esmvpharma.mr\/wp-content\/uploads\/2024\/04\/about-shape-3-2-1.png\" alt=\"about-shape-3-2\" title=\"about-shape-3-2\" >            <\/div>\r\n        <\/div><!-- \/.service-sidebar__contact -->\r\n    <\/div>\r\n\r\n\r\n\t\t\t\t<\/div>\n\t\t\t\t<\/div>\n\t\t\t\t<\/div>\n\t\t<div class=\"elementor-element elementor-element-567e8012 e-con-full e-flex e-con e-child\" data-id=\"567e8012\" data-element_type=\"container\" data-e-type=\"container\">\n\t\t\t\t<div class=\"elementor-element elementor-element-4af33d7 elementor-widget elementor-widget-heading\" data-id=\"4af33d7\" data-element_type=\"widget\" data-e-type=\"widget\" data-widget_type=\"heading.default\">\n\t\t\t\t<div class=\"elementor-widget-container\">\n\t\t\t\t\t<h2 class=\"elementor-heading-title elementor-size-default\">\u062e\u062f\u0645\u0629 \u0627\u0644\u0632\u0628\u0646\u0627\u0621<\/h2>\t\t\t\t<\/div>\n\t\t\t\t<\/div>\n\t\t\t\t<div class=\"elementor-element elementor-element-177248f4 elementor-widget elementor-widget-laboix-service-details\" data-id=\"177248f4\" data-element_type=\"widget\" data-e-type=\"widget\" data-widget_type=\"laboix-service-details.default\">\n\t\t\t\t<div class=\"elementor-widget-container\">\n\t\t\t\t\t\t<div class=\"service-details__single\">\r\n\t\t<div class=\"service-details__thumbnail wow fadeInUp\" data-wow-delay='300ms'>\r\n\t\t\t<img decoding=\"async\" src=\"https:\/\/www.esmvpharma.mr\/wp-content\/uploads\/2025\/03\/happy-businessman-cooperating-with-his-colleague-while-working-office-1.jpg\" alt=\"happy-businessman-cooperating-with-his-colleague-while-working-office (1)\" title=\"happy-businessman-cooperating-with-his-colleague-while-working-office (1)\" >\t\t<\/div><!-- \/.service-details__thumbnail -->\r\n\t\t\r\n\t\t<p class=\"service-details__text wow fadeInUp\" data-wow-delay='350ms'>\u062a\u0639\u062a\u0645\u062f \u0627\u0644\u0634\u0631\u0643\u0629 \u0639\u0644\u0649 \u062e\u0628\u0631\u0629 \u0641\u0631\u064a\u0642\u0647\u0627 \u0627\u0644\u0645\u062a\u0645\u064a\u0632 \u0648\u062c\u0647\u0648\u062f\u0647 \u0627\u0644\u0645\u062a\u0648\u0627\u0635\u0644\u0629 \u0641\u064a \u062f\u0631\u0627\u0633\u0629 \u0627\u0644\u0633\u0648\u0642 \u0645\u0646 \u0623\u062c\u0644 \u062a\u062d\u062f\u064a\u062f \u0648\u062a\u0644\u0628\u064a\u0629 \u0627\u062d\u062a\u064a\u0627\u062c\u0627\u062a \u0627\u0644\u0639\u0645\u0644\u0627\u0621. \u0648\u062a\u0642\u062f\u0645 \u0627\u0644\u0634\u0631\u0643\u0629 \u062e\u062f\u0645\u0627\u062a\u0647\u0627 \u0627\u0644\u0645\u062a\u0646\u0648\u0639\u0629 \u0645\u0646 \u062e\u0644\u0627\u0644 \u0637\u0648\u0627\u0642\u0645\u0647\u0627 \u0627\u0644\u062a\u064a \u062a\u0639\u0645\u0644 \u0639\u0644\u0649 \u0645\u062f\u0627\u0631 15 \u0633\u0627\u0639\u0629 \u064a\u0648\u0645\u064a\u0627\u064b \u0639\u0644\u0649 \u0641\u062a\u0631\u062a\u064a\u0646\u060c \u0633\u0639\u064a\u0627\u064b \u0644\u0625\u062a\u0627\u062d\u0629 \u0641\u0631\u0635\u0629 \u0627\u0644\u062a\u0648\u0627\u0635\u0644 \u0628\u064a\u0646 \u0627\u0644\u0639\u0645\u0644\u0627\u0621 \u0648\u0641\u0631\u064a\u0642 \u0627\u0644\u0639\u0645\u0644 \u0648\u0636\u0645\u0627\u0646 \u0627\u0644\u0627\u0633\u062a\u062c\u0627\u0628\u0629 \u0627\u0644\u0633\u0631\u064a\u0639\u0629 \u0644\u062c\u0645\u064a\u0639 \u0627\u0633\u062a\u0641\u0633\u0627\u0631\u0627\u062a\u0647\u0645.\n<br \/> <br \/>\n\u0648\u0628\u0627\u0644\u0625\u0636\u0627\u0641\u0629 \u0625\u0644\u0649 \u0627\u0644\u0632\u064a\u0627\u0631\u0627\u062a \u0627\u0644\u0645\u062a\u0643\u0631\u0631\u0629 \u0627\u0644\u062a\u064a \u064a\u0642\u0648\u0645 \u0628\u0647\u0627 \u0641\u0631\u064a\u0642 \u0627\u0644\u0645\u0628\u064a\u0639\u0627\u062a \u0627\u0644\u062e\u0627\u0631\u062c\u064a\u0629 \u0644\u0644\u0635\u064a\u062f\u0644\u064a\u0627\u062a\u060c \u062a\u0639\u062f \u0627\u0644\u0634\u0631\u0643\u0629 \u0645\u0646 \u0623\u0628\u0631\u0632 \u0627\u0644\u0643\u064a\u0627\u0646\u0627\u062a \u0627\u0644\u0631\u0627\u0626\u062f\u0629 \u0641\u064a \u062a\u0637\u0628\u064a\u0642 \u0646\u0645\u0648\u0630\u062c \u062a\u0644\u0642\u064a \u0627\u0644\u0637\u0644\u0628\u0627\u062a \u0639\u0628\u0631 \u0627\u0644\u0647\u0627\u062a\u0641 \u0648\u0643\u0630\u0644\u0643 \u0639\u0628\u0631 \u0627\u0644\u062a\u0637\u0628\u064a\u0642 \u0627\u0644\u062e\u0627\u0635 \u0628\u0647\u0627 ESMV STORE \u0627\u0644\u0630\u064a \u064a\u0645\u0643\u0646 \u0627\u0644\u0632\u0628\u0648\u0646 \u0645\u0646 \u062a\u0642\u062f\u064a\u0645 \u0627\u0644\u0637\u0644\u0628\u064a\u0627\u062a \u0648\u0645\u062a\u0627\u0628\u0639\u062a\u0647\u0627 \u062d\u062a\u064a \u0627\u0644\u062a\u0633\u0644\u064a\u0645 \u0648\u0645\u0631\u0627\u062c\u0639\u0629 \u062c\u0645\u064a\u0639 \u0627\u0644\u0645\u0639\u0627\u0645\u0644\u0627\u062a \u0648\u0643\u0634\u0641 \u0627\u0644\u062d\u0633\u0627\u0628\u0627\u062a\n<br \/> <br \/>\n<\/p>\r\n\r\n\t\t<h3 class=\"service-details__sub-title wow fadeInUp\" data-wow-delay='300ms'><\/h3><!-- \/.service-details__title -->\r\n\t\t<!-- \/.service-details__text -->\r\n\t\t<p class=\"service-details__text wow fadeInUp\" data-wow-delay='350ms'>\u0648\u064a\u0636\u0645 \u0641\u0631\u064a\u0642 \u0627\u0644\u0645\u0628\u064a\u0639\u0627\u062a 20 \u0645\u0648\u0638\u0641 \u0645\u062d\u062a\u0631\u0641 \u0648\u064a\u0642\u0648\u0645 \u0628\u0625\u062c\u0631\u0627\u0621 \u0623\u0643\u062b\u0631 \u0645\u0646 500 \u0645\u0643\u0627\u0644\u0645\u0629 \u064a\u0648\u0645\u064a\u0627\u064b \u0644\u062a\u0644\u0642\u064a \u0627\u0644\u0637\u0644\u0628\u0627\u062a \u0648\u062a\u0642\u062f\u064a\u0645 \u0627\u0644\u0627\u0633\u062a\u0634\u0627\u0631\u0627\u062a \u0648\u062a\u0632\u0648\u064a\u062f \u0627\u0644\u0639\u0645\u0644\u0627\u0621 \u0628\u0627\u0644\u0645\u0639\u0644\u0648\u0645\u0627\u062a \u0627\u0644\u0647\u0627\u0645\u0629\u060c \u0633\u0639\u064a\u0627\u064b \u0644\u062a\u0642\u062f\u064a\u0645 \u0623\u0639\u0644\u0649 \u0645\u0633\u062a\u0648\u064a\u0627\u062a \u0627\u0644\u062e\u062f\u0645\u0629 \u0648\u062f\u0639\u0645 \u0627\u0644\u0639\u0645\u0644\u0627\u0621 \u0641\u064a \u062a\u0644\u0628\u064a\u0629 \u0627\u062d\u062a\u064a\u0627\u062c\u0627\u062a\u0647\u0645.\n<br \/> <br \/>\n\n\u0643\u0645\u0627 \u062a\u062a\u0648\u0641\u0631 \u0639\u0644\u064a \u0641\u0631\u0639 \u0641\u064a \u0648\u0633\u0637 \u0627\u0644\u0628\u0644\u0627\u062f \u0628\u0646\u0641\u0633 \u0627\u0644\u0643\u0641\u0627\u0621\u0629 \u0648\u0627\u0644\u0625\u0645\u0643\u0627\u0646\u064a\u0627\u062a \u0645\u0646 \u0623\u062c\u0644 \u062a\u0642\u0631\u064a\u0628 \u062e\u062f\u0645\u0627\u062a\u0647\u0627 \u0645\u0646 \u0627\u0644\u0632\u0628\u0646\u0627\u0621 \u0641\u064a \u0627\u0644\u0645\u0646\u0627\u0637\u0642 \u0627\u0644\u0645\u062d\u0627\u0630\u064a\u0629\u060c\n<\/p><!-- \/.service-details__text -->\r\n\t<\/div><!-- \/.service-details__single-->\r\n\r\n\t\t\t\t<\/div>\n\t\t\t\t<\/div>\n\t\t\t\t<\/div>\n\t\t\t\t\t<\/div>\n\t\t\t\t<\/div>\n\t\t\t\t<\/div>","protected":false},"excerpt":{"rendered":"<p>Nos Services Acquisition et approvisionnement des produits Stockage et distribution Systemes de gestion de qualit\u00e9 Services a la Clientele Services aux Partenaires Services \u00e0 la communaut\u00e9 Vous avez ne Questions? Contactez-Nous Services a la Client\u00e9le L\u2019entreprise s\u2019appuie sur l\u2019expertise de son \u00e9quipe hautement qualifi\u00e9e et sur ses efforts continus d\u2019analyse du march\u00e9 afin d\u2019identifier et [&hellip;]<\/p>\n","protected":false},"author":1,"featured_media":0,"parent":0,"menu_order":0,"comment_status":"closed","ping_status":"closed","template":"elementor_header_footer","meta":{"footnotes":""},"class_list":["post-2786","page","type-page","status-publish","hentry"],"yoast_head":"<!-- This site is optimized with the Yoast SEO plugin v27.4 - https:\/\/yoast.com\/product\/yoast-seo-wordpress\/ -->\n<title>Acquisition et approvisionnement des produits<\/title>\n<meta name=\"robots\" content=\"index, follow, max-snippet:-1, max-image-preview:large, max-video-preview:-1\" \/>\n<link rel=\"canonical\" href=\"https:\/\/www.esmvpharma.mr\/ar\/service-client\/\" \/>\n<meta property=\"og:locale\" content=\"ar_AR\" \/>\n<meta property=\"og:type\" content=\"article\" \/>\n<meta property=\"og:title\" content=\"Acquisition et approvisionnement des produits\" \/>\n<meta property=\"og:description\" content=\"Nos Services Acquisition et approvisionnement des produits Stockage et distribution Systemes de gestion de qualit\u00e9 Services a la Clientele Services aux Partenaires Services \u00e0 la communaut\u00e9 Vous avez ne Questions? Contactez-Nous Services a la Client\u00e9le L\u2019entreprise s\u2019appuie sur l\u2019expertise de son \u00e9quipe hautement qualifi\u00e9e et sur ses efforts continus d\u2019analyse du march\u00e9 afin d\u2019identifier et [&hellip;]\" \/>\n<meta property=\"og:url\" content=\"https:\/\/www.esmvpharma.mr\/ar\/service-client\/\" \/>\n<meta property=\"og:site_name\" content=\"ESMV PHARMA\" \/>\n<meta property=\"article:modified_time\" content=\"2025-03-29T16:32:48+00:00\" \/>\n<meta property=\"og:image\" content=\"https:\/\/www.esmvpharma.mr\/wp-content\/uploads\/2024\/04\/about-shape-3-2-1.png\" \/>\n<meta name=\"twitter:card\" content=\"summary_large_image\" \/>\n<meta name=\"twitter:label1\" content=\"\u0648\u0642\u062a \u0627\u0644\u0642\u0631\u0627\u0621\u0629 \u0627\u0644\u0645\u064f\u0642\u062f\u0651\u0631\" \/>\n\t<meta name=\"twitter:data1\" content=\"\u062f\u0642\u064a\u0642\u062a\u0627\u0646\" \/>\n<script type=\"application\/ld+json\" class=\"yoast-schema-graph\">{\"@context\":\"https:\\\/\\\/schema.org\",\"@graph\":[{\"@type\":\"WebPage\",\"@id\":\"https:\\\/\\\/www.esmvpharma.mr\\\/service-client\\\/\",\"url\":\"https:\\\/\\\/www.esmvpharma.mr\\\/service-client\\\/\",\"name\":\"Acquisition et approvisionnement des produits\",\"isPartOf\":{\"@id\":\"https:\\\/\\\/www.esmvpharma.mr\\\/#website\"},\"primaryImageOfPage\":{\"@id\":\"https:\\\/\\\/www.esmvpharma.mr\\\/service-client\\\/#primaryimage\"},\"image\":{\"@id\":\"https:\\\/\\\/www.esmvpharma.mr\\\/service-client\\\/#primaryimage\"},\"thumbnailUrl\":\"https:\\\/\\\/www.esmvpharma.mr\\\/wp-content\\\/uploads\\\/2024\\\/04\\\/about-shape-3-2-1.png\",\"datePublished\":\"2025-03-29T12:30:06+00:00\",\"dateModified\":\"2025-03-29T16:32:48+00:00\",\"breadcrumb\":{\"@id\":\"https:\\\/\\\/www.esmvpharma.mr\\\/service-client\\\/#breadcrumb\"},\"inLanguage\":\"ar\",\"potentialAction\":[{\"@type\":\"ReadAction\",\"target\":[\"https:\\\/\\\/www.esmvpharma.mr\\\/service-client\\\/\"]}]},{\"@type\":\"ImageObject\",\"inLanguage\":\"ar\",\"@id\":\"https:\\\/\\\/www.esmvpharma.mr\\\/service-client\\\/#primaryimage\",\"url\":\"https:\\\/\\\/www.esmvpharma.mr\\\/wp-content\\\/uploads\\\/2024\\\/04\\\/about-shape-3-2-1.png\",\"contentUrl\":\"https:\\\/\\\/www.esmvpharma.mr\\\/wp-content\\\/uploads\\\/2024\\\/04\\\/about-shape-3-2-1.png\"},{\"@type\":\"BreadcrumbList\",\"@id\":\"https:\\\/\\\/www.esmvpharma.mr\\\/service-client\\\/#breadcrumb\",\"itemListElement\":[{\"@type\":\"ListItem\",\"position\":1,\"name\":\"Accueil\",\"item\":\"https:\\\/\\\/www.esmvpharma.mr\\\/\"},{\"@type\":\"ListItem\",\"position\":2,\"name\":\"Services a la Clientele\"}]},{\"@type\":\"WebSite\",\"@id\":\"https:\\\/\\\/www.esmvpharma.mr\\\/#website\",\"url\":\"https:\\\/\\\/www.esmvpharma.mr\\\/\",\"name\":\"ESMV PHARMA\",\"description\":\"\",\"publisher\":{\"@id\":\"https:\\\/\\\/www.esmvpharma.mr\\\/#organization\"},\"potentialAction\":[{\"@type\":\"SearchAction\",\"target\":{\"@type\":\"EntryPoint\",\"urlTemplate\":\"https:\\\/\\\/www.esmvpharma.mr\\\/?s={search_term_string}\"},\"query-input\":{\"@type\":\"PropertyValueSpecification\",\"valueRequired\":true,\"valueName\":\"search_term_string\"}}],\"inLanguage\":\"ar\"},{\"@type\":\"Organization\",\"@id\":\"https:\\\/\\\/www.esmvpharma.mr\\\/#organization\",\"name\":\"ESMV PHARMA\",\"url\":\"https:\\\/\\\/www.esmvpharma.mr\\\/\",\"logo\":{\"@type\":\"ImageObject\",\"inLanguage\":\"ar\",\"@id\":\"https:\\\/\\\/www.esmvpharma.mr\\\/#\\\/schema\\\/logo\\\/image\\\/\",\"url\":\"https:\\\/\\\/www.esmvpharma.mr\\\/wp-content\\\/uploads\\\/2024\\\/04\\\/logo.png\",\"contentUrl\":\"https:\\\/\\\/www.esmvpharma.mr\\\/wp-content\\\/uploads\\\/2024\\\/04\\\/logo.png\",\"width\":454,\"height\":303,\"caption\":\"ESMV PHARMA\"},\"image\":{\"@id\":\"https:\\\/\\\/www.esmvpharma.mr\\\/#\\\/schema\\\/logo\\\/image\\\/\"}}]}<\/script>\n<!-- \/ Yoast SEO plugin. -->","yoast_head_json":{"title":"\u0627\u0642\u062a\u0646\u0627\u0621 \u0648\u062a\u0648\u0631\u064a\u062f \u0627\u0644\u0645\u0646\u062a\u062c\u0627\u062a","robots":{"index":"index","follow":"follow","max-snippet":"max-snippet:-1","max-image-preview":"max-image-preview:large","max-video-preview":"max-video-preview:-1"},"canonical":"https:\/\/www.esmvpharma.mr\/ar\/service-client\/","og_locale":"ar_AR","og_type":"article","og_title":"Acquisition et approvisionnement des produits","og_description":"Nos Services Acquisition et approvisionnement des produits Stockage et distribution Systemes de gestion de qualit\u00e9 Services a la Clientele Services aux Partenaires Services \u00e0 la communaut\u00e9 Vous avez ne Questions? Contactez-Nous Services a la Client\u00e9le L\u2019entreprise s\u2019appuie sur l\u2019expertise de son \u00e9quipe hautement qualifi\u00e9e et sur ses efforts continus d\u2019analyse du march\u00e9 afin d\u2019identifier et [&hellip;]","og_url":"https:\/\/www.esmvpharma.mr\/ar\/service-client\/","og_site_name":"ESMV PHARMA","article_modified_time":"2025-03-29T16:32:48+00:00","og_image":[{"url":"https:\/\/www.esmvpharma.mr\/wp-content\/uploads\/2024\/04\/about-shape-3-2-1.png","type":"","width":"","height":""}],"twitter_card":"summary_large_image","twitter_misc":{"\u0648\u0642\u062a \u0627\u0644\u0642\u0631\u0627\u0621\u0629 \u0627\u0644\u0645\u064f\u0642\u062f\u0651\u0631":"\u062f\u0642\u064a\u0642\u062a\u0627\u0646"},"schema":{"@context":"https:\/\/schema.org","@graph":[{"@type":"WebPage","@id":"https:\/\/www.esmvpharma.mr\/service-client\/","url":"https:\/\/www.esmvpharma.mr\/service-client\/","name":"\u0627\u0642\u062a\u0646\u0627\u0621 \u0648\u062a\u0648\u0631\u064a\u062f \u0627\u0644\u0645\u0646\u062a\u062c\u0627\u062a","isPartOf":{"@id":"https:\/\/www.esmvpharma.mr\/#website"},"primaryImageOfPage":{"@id":"https:\/\/www.esmvpharma.mr\/service-client\/#primaryimage"},"image":{"@id":"https:\/\/www.esmvpharma.mr\/service-client\/#primaryimage"},"thumbnailUrl":"https:\/\/www.esmvpharma.mr\/wp-content\/uploads\/2024\/04\/about-shape-3-2-1.png","datePublished":"2025-03-29T12:30:06+00:00","dateModified":"2025-03-29T16:32:48+00:00","breadcrumb":{"@id":"https:\/\/www.esmvpharma.mr\/service-client\/#breadcrumb"},"inLanguage":"ar","potentialAction":[{"@type":"ReadAction","target":["https:\/\/www.esmvpharma.mr\/service-client\/"]}]},{"@type":"ImageObject","inLanguage":"ar","@id":"https:\/\/www.esmvpharma.mr\/service-client\/#primaryimage","url":"https:\/\/www.esmvpharma.mr\/wp-content\/uploads\/2024\/04\/about-shape-3-2-1.png","contentUrl":"https:\/\/www.esmvpharma.mr\/wp-content\/uploads\/2024\/04\/about-shape-3-2-1.png"},{"@type":"BreadcrumbList","@id":"https:\/\/www.esmvpharma.mr\/service-client\/#breadcrumb","itemListElement":[{"@type":"ListItem","position":1,"name":"Accueil","item":"https:\/\/www.esmvpharma.mr\/"},{"@type":"ListItem","position":2,"name":"Services a la Clientele"}]},{"@type":"WebSite","@id":"https:\/\/www.esmvpharma.mr\/#website","url":"https:\/\/www.esmvpharma.mr\/","name":"ESMV PHARMA","description":"","publisher":{"@id":"https:\/\/www.esmvpharma.mr\/#organization"},"potentialAction":[{"@type":"SearchAction","target":{"@type":"EntryPoint","urlTemplate":"https:\/\/www.esmvpharma.mr\/?s={search_term_string}"},"query-input":{"@type":"PropertyValueSpecification","valueRequired":true,"valueName":"search_term_string"}}],"inLanguage":"ar"},{"@type":"Organization","@id":"https:\/\/www.esmvpharma.mr\/#organization","name":"ESMV PHARMA","url":"https:\/\/www.esmvpharma.mr\/","logo":{"@type":"ImageObject","inLanguage":"ar","@id":"https:\/\/www.esmvpharma.mr\/#\/schema\/logo\/image\/","url":"https:\/\/www.esmvpharma.mr\/wp-content\/uploads\/2024\/04\/logo.png","contentUrl":"https:\/\/www.esmvpharma.mr\/wp-content\/uploads\/2024\/04\/logo.png","width":454,"height":303,"caption":"ESMV PHARMA"},"image":{"@id":"https:\/\/www.esmvpharma.mr\/#\/schema\/logo\/image\/"}}]}},"_links":{"self":[{"href":"https:\/\/www.esmvpharma.mr\/ar\/wp-json\/wp\/v2\/pages\/2786","targetHints":{"allow":["GET"]}}],"collection":[{"href":"https:\/\/www.esmvpharma.mr\/ar\/wp-json\/wp\/v2\/pages"}],"about":[{"href":"https:\/\/www.esmvpharma.mr\/ar\/wp-json\/wp\/v2\/types\/page"}],"author":[{"embeddable":true,"href":"https:\/\/www.esmvpharma.mr\/ar\/wp-json\/wp\/v2\/users\/1"}],"replies":[{"embeddable":true,"href":"https:\/\/www.esmvpharma.mr\/ar\/wp-json\/wp\/v2\/comments?post=2786"}],"version-history":[{"count":13,"href":"https:\/\/www.esmvpharma.mr\/ar\/wp-json\/wp\/v2\/pages\/2786\/revisions"}],"predecessor-version":[{"id":2888,"href":"https:\/\/www.esmvpharma.mr\/ar\/wp-json\/wp\/v2\/pages\/2786\/revisions\/2888"}],"wp:attachment":[{"href":"https:\/\/www.esmvpharma.mr\/ar\/wp-json\/wp\/v2\/media?parent=2786"}],"curies":[{"name":"wp","href":"https:\/\/api.w.org\/{rel}","templated":true}]}}