{"id":2787,"date":"2025-03-29T13:30:35","date_gmt":"2025-03-29T12:30:35","guid":{"rendered":"https:\/\/www.esmvpharma.mr\/?page_id=2787"},"modified":"2025-03-29T17:35:42","modified_gmt":"2025-03-29T16:35:42","slug":"stockage-distribution","status":"publish","type":"page","link":"https:\/\/www.esmvpharma.mr\/en\/stockage-distribution\/","title":{"rendered":"Storage and Distribution"},"content":{"rendered":"<div data-elementor-type=\"wp-page\" data-elementor-id=\"2787\" class=\"elementor elementor-2787\">\n\t\t\t\t<div class=\"elementor-element elementor-element-26baefa5 service-details e-flex e-con-boxed e-con e-parent\" data-id=\"26baefa5\" data-element_type=\"container\" data-e-type=\"container\">\n\t\t\t\t\t<div class=\"e-con-inner\">\n\t\t<div class=\"elementor-element elementor-element-206c1872 e-con-full e-flex e-con e-child\" data-id=\"206c1872\" data-element_type=\"container\" data-e-type=\"container\">\n\t\t\t\t<div class=\"elementor-element elementor-element-6873b8ff elementor-widget elementor-widget-sidebar-nav\" data-id=\"6873b8ff\" data-element_type=\"widget\" data-e-type=\"widget\" data-widget_type=\"sidebar-nav.default\">\n\t\t\t\t<div class=\"elementor-widget-container\">\n\t\t\t\t\t    <div class=\"service-sidebar__single\">\r\n        <h3 class=\"service-sidebar__title\">Our Services<\/h3>                    <ul id=\"menu-services-menu\" class=\"list-unstyled service-sidebar__nav\"><li id=\"menu-item-124\" class=\"menu-item menu-item-type-post_type menu-item-object-page menu-item-124\"><a href=\"https:\/\/www.esmvpharma.mr\/en\/acquisition-approvisionnement-des-produits\/\">Procurement and Supply of Products<\/a><\/li>\n<li id=\"menu-item-2830\" class=\"menu-item menu-item-type-post_type menu-item-object-page menu-item-2830\"><a href=\"https:\/\/www.esmvpharma.mr\/en\/stockage-distribution\/\">Storage and Distribution<\/a><\/li>\n<li id=\"menu-item-2829\" class=\"menu-item menu-item-type-post_type menu-item-object-page menu-item-2829\"><a href=\"https:\/\/www.esmvpharma.mr\/en\/systemes-qualite\/\">Quality Systems<\/a><\/li>\n<li id=\"menu-item-2831\" class=\"menu-item menu-item-type-post_type menu-item-object-page menu-item-2831\"><a href=\"https:\/\/www.esmvpharma.mr\/en\/service-client\/\">Customer Services<\/a><\/li>\n<li id=\"menu-item-2827\" class=\"menu-item menu-item-type-post_type menu-item-object-page menu-item-2827\"><a href=\"https:\/\/www.esmvpharma.mr\/en\/service-communautaire\/\">Partner Services<\/a><\/li>\n<li id=\"menu-item-2828\" class=\"menu-item menu-item-type-post_type menu-item-object-page menu-item-2828\"><a href=\"https:\/\/www.esmvpharma.mr\/en\/services-aux-partenaires\/\">Community Service<\/a><\/li>\n<\/ul>            <\/div><!-- \/.service-sidebar__single -->\r\n\t\t\t\t<\/div>\n\t\t\t\t<\/div>\n\t\t\t\t<div class=\"elementor-element elementor-element-4d394035 elementor-widget elementor-widget-laboix-sidebar-call-to-action\" data-id=\"4d394035\" data-element_type=\"widget\" data-e-type=\"widget\" data-widget_type=\"laboix-sidebar-call-to-action.default\">\n\t\t\t\t<div class=\"elementor-widget-container\">\n\t\t\t\t\t    <div class=\"service-sidebar__single  wow fadeInUp\" data-wow-delay='500ms'>\r\n        <div class=\"service-sidebar__contact\">\r\n            <h3 class=\"service-sidebar__contact-title\">Do you have a question?<\/h3>                            <div class=\"service-sidebar__contact-btn\">\r\n                    <a href=\"https:\/\/www.esmvpharma.mr\/en\/contact\/\"  class=\"laboix-btn laboix-btn--submite\">\r\n                        Contact Us                    <\/a>\r\n                <\/div><!-- \/.service-sidebar__contact__icon -->\r\n                        <div class=\"service-sidebar__contact-image\">\r\n                            <\/div>\r\n            <div class=\"service-sidebar__contact-angle\">\r\n                <img decoding=\"async\" src=\"https:\/\/www.esmvpharma.mr\/wp-content\/uploads\/2024\/04\/about-shape-3-2-1.png\" alt=\"about-shape-3-2\" title=\"about-shape-3-2\" >            <\/div>\r\n        <\/div><!-- \/.service-sidebar__contact -->\r\n    <\/div>\r\n\r\n\r\n\t\t\t\t<\/div>\n\t\t\t\t<\/div>\n\t\t\t\t<\/div>\n\t\t<div class=\"elementor-element elementor-element-567e8012 e-con-full e-flex e-con e-child\" data-id=\"567e8012\" data-element_type=\"container\" data-e-type=\"container\">\n\t\t\t\t<div class=\"elementor-element elementor-element-4c795d7 elementor-widget elementor-widget-heading\" data-id=\"4c795d7\" data-element_type=\"widget\" data-e-type=\"widget\" data-widget_type=\"heading.default\">\n\t\t\t\t<div class=\"elementor-widget-container\">\n\t\t\t\t\t<h2 class=\"elementor-heading-title elementor-size-default\">Storage and Distribution<\/h2>\t\t\t\t<\/div>\n\t\t\t\t<\/div>\n\t\t\t\t<div class=\"elementor-element elementor-element-177248f4 elementor-widget elementor-widget-laboix-service-details\" data-id=\"177248f4\" data-element_type=\"widget\" data-e-type=\"widget\" data-widget_type=\"laboix-service-details.default\">\n\t\t\t\t<div class=\"elementor-widget-container\">\n\t\t\t\t\t\t<div class=\"service-details__single\">\r\n\t\t<div class=\"service-details__thumbnail wow fadeInUp\" data-wow-delay='300ms'>\r\n\t\t\t<img decoding=\"async\" src=\"https:\/\/www.esmvpharma.mr\/wp-content\/uploads\/2025\/03\/view-inside-new-warehouse-mezzanine-floor-looking-into-hall-1.jpg\" alt=\"view-inside-new-warehouse-mezzanine-floor-looking-into-hall (1)\" title=\"view-inside-new-warehouse-mezzanine-floor-looking-into-hall (1)\" >\t\t<\/div><!-- \/.service-details__thumbnail -->\r\n\t\t\r\n\t\t<p class=\"service-details__text wow fadeInUp\" data-wow-delay='350ms'><strong>ESMV Pharma <\/strong>ESMV Pharma specializes in the distribution of medicines, personal care products, and health nutrition. It distributes products from hundreds of globally recognized and locally licensed pharmaceutical manufacturers and suppliers to pharmacies and hospitals across the country.\n<br \/> <br \/>\nOperations are managed by skilled pharmacists and technicians who receive continuous training and professional development.\n<br \/> <br \/>\n\nThe company has a well-equipped infrastructure, including a storage capacity of over 3,000 square meters, fitted with state-of-the-art technology to maintain optimal storage conditions for medicines at temperatures between 15 and 25\u00b0C, monitored by an advanced control system. It also features cold storage rooms for products requiring lower temperatures, between 2 and 8\u00b0C, such as insulin injections. <br \/> <br \/>\n\n<\/p>\r\n\r\n\t\t<h3 class=\"service-details__sub-title wow fadeInUp\" data-wow-delay='300ms'><\/h3><!-- \/.service-details__title -->\r\n\t\t<!-- \/.service-details__text -->\r\n\t\t<p class=\"service-details__text wow fadeInUp\" data-wow-delay='350ms'>Regarding distribution, the company is committed to providing excellent customer service and rapid delivery, processing an average of 500 orders per day in Nouakchott and other regions of the country. It operates a fleet of refrigerated trucks, ensuring fast and efficient deliveries. All trucks are equipped with GPS tracking systems, allowing real-time monitoring and guaranteeing the safety of transported products. <br \/> <br \/>\n\nAdditionally, the company owns a fleet of large refrigerated trucks dedicated to deliveries in remote regions. These deliveries are carried out through daily scheduled trips, ensuring that orders reach even the most distant areas under optimal conditions.\n<\/p><!-- \/.service-details__text -->\r\n\t<\/div><!-- \/.service-details__single-->\r\n\r\n\t\t\t\t<\/div>\n\t\t\t\t<\/div>\n\t\t\t\t<\/div>\n\t\t\t\t\t<\/div>\n\t\t\t\t<\/div>\n\t\t\t\t<\/div>","protected":false},"excerpt":{"rendered":"<p>Nos Services Acquisition et approvisionnement des produits Stockage et distribution Systemes de gestion de qualit\u00e9 Services a la Clientele Services aux Partenaires Services \u00e0 la communaut\u00e9 Vous avez ne Questions? Contactez-Nous STOCKAGE ET DISTRIBUTION ESMV Pharma est sp\u00e9cialis\u00e9e dans la distribution de m\u00e9dicaments, de produits de soins personnels et de nutrition sant\u00e9. Elle assure la [&hellip;]<\/p>\n","protected":false},"author":1,"featured_media":0,"parent":0,"menu_order":0,"comment_status":"closed","ping_status":"closed","template":"elementor_header_footer","meta":{"footnotes":""},"class_list":["post-2787","page","type-page","status-publish","hentry"],"yoast_head":"<!-- This site is optimized with the Yoast SEO plugin v27.4 - https:\/\/yoast.com\/product\/yoast-seo-wordpress\/ -->\n<title>Acquisition et approvisionnement des produits<\/title>\n<meta name=\"robots\" content=\"index, follow, max-snippet:-1, max-image-preview:large, max-video-preview:-1\" \/>\n<link rel=\"canonical\" href=\"https:\/\/www.esmvpharma.mr\/en\/stockage-distribution\/\" \/>\n<meta property=\"og:locale\" content=\"en_GB\" \/>\n<meta property=\"og:type\" content=\"article\" \/>\n<meta property=\"og:title\" content=\"Acquisition et approvisionnement des produits\" \/>\n<meta property=\"og:description\" content=\"Nos Services Acquisition et approvisionnement des produits Stockage et distribution Systemes de gestion de qualit\u00e9 Services a la Clientele Services aux Partenaires Services \u00e0 la communaut\u00e9 Vous avez ne Questions? Contactez-Nous STOCKAGE ET DISTRIBUTION ESMV Pharma est sp\u00e9cialis\u00e9e dans la distribution de m\u00e9dicaments, de produits de soins personnels et de nutrition sant\u00e9. Elle assure la [&hellip;]\" \/>\n<meta property=\"og:url\" content=\"https:\/\/www.esmvpharma.mr\/en\/stockage-distribution\/\" \/>\n<meta property=\"og:site_name\" content=\"ESMV PHARMA\" \/>\n<meta property=\"article:modified_time\" content=\"2025-03-29T16:35:42+00:00\" \/>\n<meta property=\"og:image\" content=\"https:\/\/www.esmvpharma.mr\/wp-content\/uploads\/2024\/04\/about-shape-3-2-1.png\" \/>\n<meta name=\"twitter:card\" content=\"summary_large_image\" \/>\n<meta name=\"twitter:label1\" content=\"Estimated reading time\" \/>\n\t<meta name=\"twitter:data1\" content=\"2 minutes\" \/>\n<script type=\"application\/ld+json\" class=\"yoast-schema-graph\">{\"@context\":\"https:\\\/\\\/schema.org\",\"@graph\":[{\"@type\":\"WebPage\",\"@id\":\"https:\\\/\\\/www.esmvpharma.mr\\\/stockage-distribution\\\/\",\"url\":\"https:\\\/\\\/www.esmvpharma.mr\\\/stockage-distribution\\\/\",\"name\":\"Acquisition et approvisionnement des produits\",\"isPartOf\":{\"@id\":\"https:\\\/\\\/www.esmvpharma.mr\\\/#website\"},\"primaryImageOfPage\":{\"@id\":\"https:\\\/\\\/www.esmvpharma.mr\\\/stockage-distribution\\\/#primaryimage\"},\"image\":{\"@id\":\"https:\\\/\\\/www.esmvpharma.mr\\\/stockage-distribution\\\/#primaryimage\"},\"thumbnailUrl\":\"https:\\\/\\\/www.esmvpharma.mr\\\/wp-content\\\/uploads\\\/2024\\\/04\\\/about-shape-3-2-1.png\",\"datePublished\":\"2025-03-29T12:30:35+00:00\",\"dateModified\":\"2025-03-29T16:35:42+00:00\",\"breadcrumb\":{\"@id\":\"https:\\\/\\\/www.esmvpharma.mr\\\/stockage-distribution\\\/#breadcrumb\"},\"inLanguage\":\"en-GB\",\"potentialAction\":[{\"@type\":\"ReadAction\",\"target\":[\"https:\\\/\\\/www.esmvpharma.mr\\\/stockage-distribution\\\/\"]}]},{\"@type\":\"ImageObject\",\"inLanguage\":\"en-GB\",\"@id\":\"https:\\\/\\\/www.esmvpharma.mr\\\/stockage-distribution\\\/#primaryimage\",\"url\":\"https:\\\/\\\/www.esmvpharma.mr\\\/wp-content\\\/uploads\\\/2024\\\/04\\\/about-shape-3-2-1.png\",\"contentUrl\":\"https:\\\/\\\/www.esmvpharma.mr\\\/wp-content\\\/uploads\\\/2024\\\/04\\\/about-shape-3-2-1.png\"},{\"@type\":\"BreadcrumbList\",\"@id\":\"https:\\\/\\\/www.esmvpharma.mr\\\/stockage-distribution\\\/#breadcrumb\",\"itemListElement\":[{\"@type\":\"ListItem\",\"position\":1,\"name\":\"Accueil\",\"item\":\"https:\\\/\\\/www.esmvpharma.mr\\\/\"},{\"@type\":\"ListItem\",\"position\":2,\"name\":\"Stockage et distribution\"}]},{\"@type\":\"WebSite\",\"@id\":\"https:\\\/\\\/www.esmvpharma.mr\\\/#website\",\"url\":\"https:\\\/\\\/www.esmvpharma.mr\\\/\",\"name\":\"ESMV PHARMA\",\"description\":\"\",\"publisher\":{\"@id\":\"https:\\\/\\\/www.esmvpharma.mr\\\/#organization\"},\"potentialAction\":[{\"@type\":\"SearchAction\",\"target\":{\"@type\":\"EntryPoint\",\"urlTemplate\":\"https:\\\/\\\/www.esmvpharma.mr\\\/?s={search_term_string}\"},\"query-input\":{\"@type\":\"PropertyValueSpecification\",\"valueRequired\":true,\"valueName\":\"search_term_string\"}}],\"inLanguage\":\"en-GB\"},{\"@type\":\"Organization\",\"@id\":\"https:\\\/\\\/www.esmvpharma.mr\\\/#organization\",\"name\":\"ESMV PHARMA\",\"url\":\"https:\\\/\\\/www.esmvpharma.mr\\\/\",\"logo\":{\"@type\":\"ImageObject\",\"inLanguage\":\"en-GB\",\"@id\":\"https:\\\/\\\/www.esmvpharma.mr\\\/#\\\/schema\\\/logo\\\/image\\\/\",\"url\":\"https:\\\/\\\/www.esmvpharma.mr\\\/wp-content\\\/uploads\\\/2024\\\/04\\\/logo.png\",\"contentUrl\":\"https:\\\/\\\/www.esmvpharma.mr\\\/wp-content\\\/uploads\\\/2024\\\/04\\\/logo.png\",\"width\":454,\"height\":303,\"caption\":\"ESMV PHARMA\"},\"image\":{\"@id\":\"https:\\\/\\\/www.esmvpharma.mr\\\/#\\\/schema\\\/logo\\\/image\\\/\"}}]}<\/script>\n<!-- \/ Yoast SEO plugin. -->","yoast_head_json":{"title":"Procurement and Supply of Products","robots":{"index":"index","follow":"follow","max-snippet":"max-snippet:-1","max-image-preview":"max-image-preview:large","max-video-preview":"max-video-preview:-1"},"canonical":"https:\/\/www.esmvpharma.mr\/en\/stockage-distribution\/","og_locale":"en_GB","og_type":"article","og_title":"Acquisition et approvisionnement des produits","og_description":"Nos Services Acquisition et approvisionnement des produits Stockage et distribution Systemes de gestion de qualit\u00e9 Services a la Clientele Services aux Partenaires Services \u00e0 la communaut\u00e9 Vous avez ne Questions? Contactez-Nous STOCKAGE ET DISTRIBUTION ESMV Pharma est sp\u00e9cialis\u00e9e dans la distribution de m\u00e9dicaments, de produits de soins personnels et de nutrition sant\u00e9. Elle assure la [&hellip;]","og_url":"https:\/\/www.esmvpharma.mr\/en\/stockage-distribution\/","og_site_name":"ESMV PHARMA","article_modified_time":"2025-03-29T16:35:42+00:00","og_image":[{"url":"https:\/\/www.esmvpharma.mr\/wp-content\/uploads\/2024\/04\/about-shape-3-2-1.png","type":"","width":"","height":""}],"twitter_card":"summary_large_image","twitter_misc":{"Estimated reading time":"2 minutes"},"schema":{"@context":"https:\/\/schema.org","@graph":[{"@type":"WebPage","@id":"https:\/\/www.esmvpharma.mr\/stockage-distribution\/","url":"https:\/\/www.esmvpharma.mr\/stockage-distribution\/","name":"Procurement and Supply of Products","isPartOf":{"@id":"https:\/\/www.esmvpharma.mr\/#website"},"primaryImageOfPage":{"@id":"https:\/\/www.esmvpharma.mr\/stockage-distribution\/#primaryimage"},"image":{"@id":"https:\/\/www.esmvpharma.mr\/stockage-distribution\/#primaryimage"},"thumbnailUrl":"https:\/\/www.esmvpharma.mr\/wp-content\/uploads\/2024\/04\/about-shape-3-2-1.png","datePublished":"2025-03-29T12:30:35+00:00","dateModified":"2025-03-29T16:35:42+00:00","breadcrumb":{"@id":"https:\/\/www.esmvpharma.mr\/stockage-distribution\/#breadcrumb"},"inLanguage":"en-GB","potentialAction":[{"@type":"ReadAction","target":["https:\/\/www.esmvpharma.mr\/stockage-distribution\/"]}]},{"@type":"ImageObject","inLanguage":"en-GB","@id":"https:\/\/www.esmvpharma.mr\/stockage-distribution\/#primaryimage","url":"https:\/\/www.esmvpharma.mr\/wp-content\/uploads\/2024\/04\/about-shape-3-2-1.png","contentUrl":"https:\/\/www.esmvpharma.mr\/wp-content\/uploads\/2024\/04\/about-shape-3-2-1.png"},{"@type":"BreadcrumbList","@id":"https:\/\/www.esmvpharma.mr\/stockage-distribution\/#breadcrumb","itemListElement":[{"@type":"ListItem","position":1,"name":"Accueil","item":"https:\/\/www.esmvpharma.mr\/"},{"@type":"ListItem","position":2,"name":"Stockage et distribution"}]},{"@type":"WebSite","@id":"https:\/\/www.esmvpharma.mr\/#website","url":"https:\/\/www.esmvpharma.mr\/","name":"ESMV PHARMA","description":"","publisher":{"@id":"https:\/\/www.esmvpharma.mr\/#organization"},"potentialAction":[{"@type":"SearchAction","target":{"@type":"EntryPoint","urlTemplate":"https:\/\/www.esmvpharma.mr\/?s={search_term_string}"},"query-input":{"@type":"PropertyValueSpecification","valueRequired":true,"valueName":"search_term_string"}}],"inLanguage":"en-GB"},{"@type":"Organization","@id":"https:\/\/www.esmvpharma.mr\/#organization","name":"ESMV PHARMA","url":"https:\/\/www.esmvpharma.mr\/","logo":{"@type":"ImageObject","inLanguage":"en-GB","@id":"https:\/\/www.esmvpharma.mr\/#\/schema\/logo\/image\/","url":"https:\/\/www.esmvpharma.mr\/wp-content\/uploads\/2024\/04\/logo.png","contentUrl":"https:\/\/www.esmvpharma.mr\/wp-content\/uploads\/2024\/04\/logo.png","width":454,"height":303,"caption":"ESMV PHARMA"},"image":{"@id":"https:\/\/www.esmvpharma.mr\/#\/schema\/logo\/image\/"}}]}},"_links":{"self":[{"href":"https:\/\/www.esmvpharma.mr\/en\/wp-json\/wp\/v2\/pages\/2787","targetHints":{"allow":["GET"]}}],"collection":[{"href":"https:\/\/www.esmvpharma.mr\/en\/wp-json\/wp\/v2\/pages"}],"about":[{"href":"https:\/\/www.esmvpharma.mr\/en\/wp-json\/wp\/v2\/types\/page"}],"author":[{"embeddable":true,"href":"https:\/\/www.esmvpharma.mr\/en\/wp-json\/wp\/v2\/users\/1"}],"replies":[{"embeddable":true,"href":"https:\/\/www.esmvpharma.mr\/en\/wp-json\/wp\/v2\/comments?post=2787"}],"version-history":[{"count":13,"href":"https:\/\/www.esmvpharma.mr\/en\/wp-json\/wp\/v2\/pages\/2787\/revisions"}],"predecessor-version":[{"id":2900,"href":"https:\/\/www.esmvpharma.mr\/en\/wp-json\/wp\/v2\/pages\/2787\/revisions\/2900"}],"wp:attachment":[{"href":"https:\/\/www.esmvpharma.mr\/en\/wp-json\/wp\/v2\/media?parent=2787"}],"curies":[{"name":"wp","href":"https:\/\/api.w.org\/{rel}","templated":true}]}}