{"id":2806,"date":"2025-03-29T14:25:42","date_gmt":"2025-03-29T13:25:42","guid":{"rendered":"https:\/\/www.esmvpharma.mr\/?page_id=2806"},"modified":"2025-03-29T16:54:07","modified_gmt":"2025-03-29T15:54:07","slug":"services-aux-partenaires","status":"publish","type":"page","link":"https:\/\/www.esmvpharma.mr\/en\/services-aux-partenaires\/","title":{"rendered":"Community Service"},"content":{"rendered":"<div data-elementor-type=\"wp-page\" data-elementor-id=\"2806\" class=\"elementor elementor-2806\">\n\t\t\t\t<div class=\"elementor-element elementor-element-26baefa5 service-details e-flex e-con-boxed e-con e-parent\" data-id=\"26baefa5\" data-element_type=\"container\" data-e-type=\"container\">\n\t\t\t\t\t<div class=\"e-con-inner\">\n\t\t<div class=\"elementor-element elementor-element-206c1872 e-con-full e-flex e-con e-child\" data-id=\"206c1872\" data-element_type=\"container\" data-e-type=\"container\">\n\t\t\t\t<div class=\"elementor-element elementor-element-6873b8ff elementor-widget elementor-widget-sidebar-nav\" data-id=\"6873b8ff\" data-element_type=\"widget\" data-e-type=\"widget\" data-widget_type=\"sidebar-nav.default\">\n\t\t\t\t<div class=\"elementor-widget-container\">\n\t\t\t\t\t    <div class=\"service-sidebar__single\">\r\n        <h3 class=\"service-sidebar__title\">Our Services<\/h3>                    <ul id=\"menu-services-menu\" class=\"list-unstyled service-sidebar__nav\"><li id=\"menu-item-124\" class=\"menu-item menu-item-type-post_type menu-item-object-page menu-item-124\"><a href=\"https:\/\/www.esmvpharma.mr\/en\/acquisition-approvisionnement-des-produits\/\">Procurement and Supply of Products<\/a><\/li>\n<li id=\"menu-item-2830\" class=\"menu-item menu-item-type-post_type menu-item-object-page menu-item-2830\"><a href=\"https:\/\/www.esmvpharma.mr\/en\/stockage-distribution\/\">Storage and Distribution<\/a><\/li>\n<li id=\"menu-item-2829\" class=\"menu-item menu-item-type-post_type menu-item-object-page menu-item-2829\"><a href=\"https:\/\/www.esmvpharma.mr\/en\/systemes-qualite\/\">Quality Systems<\/a><\/li>\n<li id=\"menu-item-2831\" class=\"menu-item menu-item-type-post_type menu-item-object-page menu-item-2831\"><a href=\"https:\/\/www.esmvpharma.mr\/en\/service-client\/\">Customer Services<\/a><\/li>\n<li id=\"menu-item-2827\" class=\"menu-item menu-item-type-post_type menu-item-object-page menu-item-2827\"><a href=\"https:\/\/www.esmvpharma.mr\/en\/service-communautaire\/\">Partner Services<\/a><\/li>\n<li id=\"menu-item-2828\" class=\"menu-item menu-item-type-post_type menu-item-object-page menu-item-2828\"><a href=\"https:\/\/www.esmvpharma.mr\/en\/services-aux-partenaires\/\">Community Service<\/a><\/li>\n<\/ul>            <\/div><!-- \/.service-sidebar__single -->\r\n\t\t\t\t<\/div>\n\t\t\t\t<\/div>\n\t\t\t\t<div class=\"elementor-element elementor-element-4d394035 elementor-widget elementor-widget-laboix-sidebar-call-to-action\" data-id=\"4d394035\" data-element_type=\"widget\" data-e-type=\"widget\" data-widget_type=\"laboix-sidebar-call-to-action.default\">\n\t\t\t\t<div class=\"elementor-widget-container\">\n\t\t\t\t\t    <div class=\"service-sidebar__single  wow fadeInUp\" data-wow-delay='500ms'>\r\n        <div class=\"service-sidebar__contact\">\r\n            <h3 class=\"service-sidebar__contact-title\">Do you have a question?<\/h3>                            <div class=\"service-sidebar__contact-btn\">\r\n                    <a href=\"https:\/\/www.esmvpharma.mr\/en\/contact\/\"  class=\"laboix-btn laboix-btn--submite\">\r\n                        Contact Us                    <\/a>\r\n                <\/div><!-- \/.service-sidebar__contact__icon -->\r\n                        <div class=\"service-sidebar__contact-image\">\r\n                            <\/div>\r\n            <div class=\"service-sidebar__contact-angle\">\r\n                <img decoding=\"async\" src=\"https:\/\/www.esmvpharma.mr\/wp-content\/uploads\/2024\/04\/about-shape-3-2-1.png\" alt=\"about-shape-3-2\" title=\"about-shape-3-2\" >            <\/div>\r\n        <\/div><!-- \/.service-sidebar__contact -->\r\n    <\/div>\r\n\r\n\r\n\t\t\t\t<\/div>\n\t\t\t\t<\/div>\n\t\t\t\t<\/div>\n\t\t<div class=\"elementor-element elementor-element-567e8012 e-con-full e-flex e-con e-child\" data-id=\"567e8012\" data-element_type=\"container\" data-e-type=\"container\">\n\t\t\t\t<div class=\"elementor-element elementor-element-4af33d7 elementor-widget elementor-widget-heading\" data-id=\"4af33d7\" data-element_type=\"widget\" data-e-type=\"widget\" data-widget_type=\"heading.default\">\n\t\t\t\t<div class=\"elementor-widget-container\">\n\t\t\t\t\t<h2 class=\"elementor-heading-title elementor-size-default\">Community Service<\/h2>\t\t\t\t<\/div>\n\t\t\t\t<\/div>\n\t\t\t\t<div class=\"elementor-element elementor-element-177248f4 elementor-widget elementor-widget-laboix-service-details\" data-id=\"177248f4\" data-element_type=\"widget\" data-e-type=\"widget\" data-widget_type=\"laboix-service-details.default\">\n\t\t\t\t<div class=\"elementor-widget-container\">\n\t\t\t\t\t\t<div class=\"service-details__single\">\r\n\t\t<div class=\"service-details__thumbnail wow fadeInUp\" data-wow-delay='300ms'>\r\n\t\t\t<img decoding=\"async\" src=\"https:\/\/www.esmvpharma.mr\/wp-content\/uploads\/2024\/04\/service-d-1-1.png\" alt=\"service-d-1-1\" title=\"service-d-1-1\" >\t\t<\/div><!-- \/.service-details__thumbnail -->\r\n\t\t\r\n\t\t<p class=\"service-details__text wow fadeInUp\" data-wow-delay='350ms'><\/p>\r\n\r\n\t\t<h3 class=\"service-details__sub-title wow fadeInUp\" data-wow-delay='300ms'><\/h3><!-- \/.service-details__title -->\r\n\t\t<!-- \/.service-details__text -->\r\n\t\t<p class=\"service-details__text wow fadeInUp\" data-wow-delay='350ms'><\/p><!-- \/.service-details__text -->\r\n\t<\/div><!-- \/.service-details__single-->\r\n\r\n\t\t\t\t<\/div>\n\t\t\t\t<\/div>\n\t\t\t\t<div class=\"elementor-element elementor-element-2b4f6c2 elementor-widget elementor-widget-text-editor\" data-id=\"2b4f6c2\" data-element_type=\"widget\" data-e-type=\"widget\" data-widget_type=\"text-editor.default\">\n\t\t\t\t<div class=\"elementor-widget-container\">\n\t\t\t\t\t\t\t\t\t<p>In line with its <strong>social values<\/strong>, the company is committed to <strong>charitable and community initiatives,<\/strong> focusing on supporting vulnerable groups through various actions, including:<\/p><p>\u2714 <strong>Free Medication Distribution:<\/strong> Providing essential medications at no cost to patients with <strong>chronic illnesses<\/strong> through the <strong>\"Aoun\" card,<\/strong>which allows them to receive their treatments free of charge at partner pharmacies across the country.<\/p><p>\u2714 <strong>Collaboration with Charitable Associations and Hospitals:<\/strong> :<\/p><ul><li><strong>\u2022\tDonations of medicines and medical equipment<\/strong> to non-profit organizations and healthcare institutions.<\/li><li><strong>Sponsorship and organization of free medical caravans<\/strong>,offering <strong>free consultations and medical check-ups<\/strong> in partnership with doctors' associations.<\/li><li><strong>Health awareness campaigns<\/strong> on <strong>on chronic disease prevention<\/strong>proper medication use, and the importance of safe drug storage for consumers.<\/li><\/ul><p>\u2714 <strong>Public Health Support:<\/strong> :<\/p><ul><li><strong>Contribution to community healthcare projects<\/strong> to improve overall public health.<\/li><li><strong>Crisis Response:<\/strong> Deploying the company\u2019s resources to provide emergency medical supplies in cases of natural disasters or pandemics, making <strong>its inventory and logistics available to authorities in critical situations.<\/strong>.<\/li><\/ul>\t\t\t\t\t\t\t\t<\/div>\n\t\t\t\t<\/div>\n\t\t\t\t<\/div>\n\t\t\t\t\t<\/div>\n\t\t\t\t<\/div>\n\t\t\t\t<\/div>","protected":false},"excerpt":{"rendered":"<p>Nos Services Acquisition et approvisionnement des produits Stockage et distribution Systemes de gestion de qualit\u00e9 Services a la Clientele Services aux Partenaires Services \u00e0 la communaut\u00e9 Vous avez ne Questions? Contactez-Nous Services \u00e0 la communaut\u00e9 Conform\u00e9ment \u00e0 ses principes sociaux, l\u2019entreprise s\u2019engage \u00e0 contribuer aux actions caritatives et communautaires \u00e0 travers diverses initiatives visant \u00e0 [&hellip;]<\/p>\n","protected":false},"author":1,"featured_media":0,"parent":0,"menu_order":0,"comment_status":"closed","ping_status":"closed","template":"elementor_header_footer","meta":{"footnotes":""},"class_list":["post-2806","page","type-page","status-publish","hentry"],"yoast_head":"<!-- This site is optimized with the Yoast SEO plugin v27.4 - https:\/\/yoast.com\/product\/yoast-seo-wordpress\/ -->\n<title>Acquisition et approvisionnement des produits<\/title>\n<meta name=\"robots\" content=\"index, follow, max-snippet:-1, max-image-preview:large, max-video-preview:-1\" \/>\n<link rel=\"canonical\" href=\"https:\/\/www.esmvpharma.mr\/en\/services-aux-partenaires\/\" \/>\n<meta property=\"og:locale\" content=\"en_GB\" \/>\n<meta property=\"og:type\" content=\"article\" \/>\n<meta property=\"og:title\" content=\"Acquisition et approvisionnement des produits\" \/>\n<meta property=\"og:description\" content=\"Nos Services Acquisition et approvisionnement des produits Stockage et distribution Systemes de gestion de qualit\u00e9 Services a la Clientele Services aux Partenaires Services \u00e0 la communaut\u00e9 Vous avez ne Questions? Contactez-Nous Services \u00e0 la communaut\u00e9 Conform\u00e9ment \u00e0 ses principes sociaux, l\u2019entreprise s\u2019engage \u00e0 contribuer aux actions caritatives et communautaires \u00e0 travers diverses initiatives visant \u00e0 [&hellip;]\" \/>\n<meta property=\"og:url\" content=\"https:\/\/www.esmvpharma.mr\/en\/services-aux-partenaires\/\" \/>\n<meta property=\"og:site_name\" content=\"ESMV PHARMA\" \/>\n<meta property=\"article:modified_time\" content=\"2025-03-29T15:54:07+00:00\" \/>\n<meta property=\"og:image\" content=\"https:\/\/www.esmvpharma.mr\/wp-content\/uploads\/2024\/04\/about-shape-3-2-1.png\" \/>\n<meta name=\"twitter:card\" content=\"summary_large_image\" \/>\n<meta name=\"twitter:label1\" content=\"Estimated reading time\" \/>\n\t<meta name=\"twitter:data1\" content=\"2 minutes\" \/>\n<script type=\"application\/ld+json\" class=\"yoast-schema-graph\">{\"@context\":\"https:\\\/\\\/schema.org\",\"@graph\":[{\"@type\":\"WebPage\",\"@id\":\"https:\\\/\\\/www.esmvpharma.mr\\\/services-aux-partenaires\\\/\",\"url\":\"https:\\\/\\\/www.esmvpharma.mr\\\/services-aux-partenaires\\\/\",\"name\":\"Acquisition et approvisionnement des produits\",\"isPartOf\":{\"@id\":\"https:\\\/\\\/www.esmvpharma.mr\\\/#website\"},\"primaryImageOfPage\":{\"@id\":\"https:\\\/\\\/www.esmvpharma.mr\\\/services-aux-partenaires\\\/#primaryimage\"},\"image\":{\"@id\":\"https:\\\/\\\/www.esmvpharma.mr\\\/services-aux-partenaires\\\/#primaryimage\"},\"thumbnailUrl\":\"https:\\\/\\\/www.esmvpharma.mr\\\/wp-content\\\/uploads\\\/2024\\\/04\\\/about-shape-3-2-1.png\",\"datePublished\":\"2025-03-29T13:25:42+00:00\",\"dateModified\":\"2025-03-29T15:54:07+00:00\",\"breadcrumb\":{\"@id\":\"https:\\\/\\\/www.esmvpharma.mr\\\/services-aux-partenaires\\\/#breadcrumb\"},\"inLanguage\":\"en-GB\",\"potentialAction\":[{\"@type\":\"ReadAction\",\"target\":[\"https:\\\/\\\/www.esmvpharma.mr\\\/services-aux-partenaires\\\/\"]}]},{\"@type\":\"ImageObject\",\"inLanguage\":\"en-GB\",\"@id\":\"https:\\\/\\\/www.esmvpharma.mr\\\/services-aux-partenaires\\\/#primaryimage\",\"url\":\"https:\\\/\\\/www.esmvpharma.mr\\\/wp-content\\\/uploads\\\/2024\\\/04\\\/about-shape-3-2-1.png\",\"contentUrl\":\"https:\\\/\\\/www.esmvpharma.mr\\\/wp-content\\\/uploads\\\/2024\\\/04\\\/about-shape-3-2-1.png\"},{\"@type\":\"BreadcrumbList\",\"@id\":\"https:\\\/\\\/www.esmvpharma.mr\\\/services-aux-partenaires\\\/#breadcrumb\",\"itemListElement\":[{\"@type\":\"ListItem\",\"position\":1,\"name\":\"Accueil\",\"item\":\"https:\\\/\\\/www.esmvpharma.mr\\\/\"},{\"@type\":\"ListItem\",\"position\":2,\"name\":\"Services \u00e0 la communaut\u00e9\"}]},{\"@type\":\"WebSite\",\"@id\":\"https:\\\/\\\/www.esmvpharma.mr\\\/#website\",\"url\":\"https:\\\/\\\/www.esmvpharma.mr\\\/\",\"name\":\"ESMV PHARMA\",\"description\":\"\",\"publisher\":{\"@id\":\"https:\\\/\\\/www.esmvpharma.mr\\\/#organization\"},\"potentialAction\":[{\"@type\":\"SearchAction\",\"target\":{\"@type\":\"EntryPoint\",\"urlTemplate\":\"https:\\\/\\\/www.esmvpharma.mr\\\/?s={search_term_string}\"},\"query-input\":{\"@type\":\"PropertyValueSpecification\",\"valueRequired\":true,\"valueName\":\"search_term_string\"}}],\"inLanguage\":\"en-GB\"},{\"@type\":\"Organization\",\"@id\":\"https:\\\/\\\/www.esmvpharma.mr\\\/#organization\",\"name\":\"ESMV PHARMA\",\"url\":\"https:\\\/\\\/www.esmvpharma.mr\\\/\",\"logo\":{\"@type\":\"ImageObject\",\"inLanguage\":\"en-GB\",\"@id\":\"https:\\\/\\\/www.esmvpharma.mr\\\/#\\\/schema\\\/logo\\\/image\\\/\",\"url\":\"https:\\\/\\\/www.esmvpharma.mr\\\/wp-content\\\/uploads\\\/2024\\\/04\\\/logo.png\",\"contentUrl\":\"https:\\\/\\\/www.esmvpharma.mr\\\/wp-content\\\/uploads\\\/2024\\\/04\\\/logo.png\",\"width\":454,\"height\":303,\"caption\":\"ESMV PHARMA\"},\"image\":{\"@id\":\"https:\\\/\\\/www.esmvpharma.mr\\\/#\\\/schema\\\/logo\\\/image\\\/\"}}]}<\/script>\n<!-- \/ Yoast SEO plugin. -->","yoast_head_json":{"title":"Procurement and Supply of Products","robots":{"index":"index","follow":"follow","max-snippet":"max-snippet:-1","max-image-preview":"max-image-preview:large","max-video-preview":"max-video-preview:-1"},"canonical":"https:\/\/www.esmvpharma.mr\/en\/services-aux-partenaires\/","og_locale":"en_GB","og_type":"article","og_title":"Acquisition et approvisionnement des produits","og_description":"Nos Services Acquisition et approvisionnement des produits Stockage et distribution Systemes de gestion de qualit\u00e9 Services a la Clientele Services aux Partenaires Services \u00e0 la communaut\u00e9 Vous avez ne Questions? Contactez-Nous Services \u00e0 la communaut\u00e9 Conform\u00e9ment \u00e0 ses principes sociaux, l\u2019entreprise s\u2019engage \u00e0 contribuer aux actions caritatives et communautaires \u00e0 travers diverses initiatives visant \u00e0 [&hellip;]","og_url":"https:\/\/www.esmvpharma.mr\/en\/services-aux-partenaires\/","og_site_name":"ESMV PHARMA","article_modified_time":"2025-03-29T15:54:07+00:00","og_image":[{"url":"https:\/\/www.esmvpharma.mr\/wp-content\/uploads\/2024\/04\/about-shape-3-2-1.png","type":"","width":"","height":""}],"twitter_card":"summary_large_image","twitter_misc":{"Estimated reading time":"2 minutes"},"schema":{"@context":"https:\/\/schema.org","@graph":[{"@type":"WebPage","@id":"https:\/\/www.esmvpharma.mr\/services-aux-partenaires\/","url":"https:\/\/www.esmvpharma.mr\/services-aux-partenaires\/","name":"Procurement and Supply of Products","isPartOf":{"@id":"https:\/\/www.esmvpharma.mr\/#website"},"primaryImageOfPage":{"@id":"https:\/\/www.esmvpharma.mr\/services-aux-partenaires\/#primaryimage"},"image":{"@id":"https:\/\/www.esmvpharma.mr\/services-aux-partenaires\/#primaryimage"},"thumbnailUrl":"https:\/\/www.esmvpharma.mr\/wp-content\/uploads\/2024\/04\/about-shape-3-2-1.png","datePublished":"2025-03-29T13:25:42+00:00","dateModified":"2025-03-29T15:54:07+00:00","breadcrumb":{"@id":"https:\/\/www.esmvpharma.mr\/services-aux-partenaires\/#breadcrumb"},"inLanguage":"en-GB","potentialAction":[{"@type":"ReadAction","target":["https:\/\/www.esmvpharma.mr\/services-aux-partenaires\/"]}]},{"@type":"ImageObject","inLanguage":"en-GB","@id":"https:\/\/www.esmvpharma.mr\/services-aux-partenaires\/#primaryimage","url":"https:\/\/www.esmvpharma.mr\/wp-content\/uploads\/2024\/04\/about-shape-3-2-1.png","contentUrl":"https:\/\/www.esmvpharma.mr\/wp-content\/uploads\/2024\/04\/about-shape-3-2-1.png"},{"@type":"BreadcrumbList","@id":"https:\/\/www.esmvpharma.mr\/services-aux-partenaires\/#breadcrumb","itemListElement":[{"@type":"ListItem","position":1,"name":"Accueil","item":"https:\/\/www.esmvpharma.mr\/"},{"@type":"ListItem","position":2,"name":"Services \u00e0 la communaut\u00e9"}]},{"@type":"WebSite","@id":"https:\/\/www.esmvpharma.mr\/#website","url":"https:\/\/www.esmvpharma.mr\/","name":"ESMV PHARMA","description":"","publisher":{"@id":"https:\/\/www.esmvpharma.mr\/#organization"},"potentialAction":[{"@type":"SearchAction","target":{"@type":"EntryPoint","urlTemplate":"https:\/\/www.esmvpharma.mr\/?s={search_term_string}"},"query-input":{"@type":"PropertyValueSpecification","valueRequired":true,"valueName":"search_term_string"}}],"inLanguage":"en-GB"},{"@type":"Organization","@id":"https:\/\/www.esmvpharma.mr\/#organization","name":"ESMV PHARMA","url":"https:\/\/www.esmvpharma.mr\/","logo":{"@type":"ImageObject","inLanguage":"en-GB","@id":"https:\/\/www.esmvpharma.mr\/#\/schema\/logo\/image\/","url":"https:\/\/www.esmvpharma.mr\/wp-content\/uploads\/2024\/04\/logo.png","contentUrl":"https:\/\/www.esmvpharma.mr\/wp-content\/uploads\/2024\/04\/logo.png","width":454,"height":303,"caption":"ESMV PHARMA"},"image":{"@id":"https:\/\/www.esmvpharma.mr\/#\/schema\/logo\/image\/"}}]}},"_links":{"self":[{"href":"https:\/\/www.esmvpharma.mr\/en\/wp-json\/wp\/v2\/pages\/2806","targetHints":{"allow":["GET"]}}],"collection":[{"href":"https:\/\/www.esmvpharma.mr\/en\/wp-json\/wp\/v2\/pages"}],"about":[{"href":"https:\/\/www.esmvpharma.mr\/en\/wp-json\/wp\/v2\/types\/page"}],"author":[{"embeddable":true,"href":"https:\/\/www.esmvpharma.mr\/en\/wp-json\/wp\/v2\/users\/1"}],"replies":[{"embeddable":true,"href":"https:\/\/www.esmvpharma.mr\/en\/wp-json\/wp\/v2\/comments?post=2806"}],"version-history":[{"count":10,"href":"https:\/\/www.esmvpharma.mr\/en\/wp-json\/wp\/v2\/pages\/2806\/revisions"}],"predecessor-version":[{"id":2881,"href":"https:\/\/www.esmvpharma.mr\/en\/wp-json\/wp\/v2\/pages\/2806\/revisions\/2881"}],"wp:attachment":[{"href":"https:\/\/www.esmvpharma.mr\/en\/wp-json\/wp\/v2\/media?parent=2806"}],"curies":[{"name":"wp","href":"https:\/\/api.w.org\/{rel}","templated":true}]}}