{"id":93,"date":"2024-04-21T04:18:15","date_gmt":"2024-04-21T04:18:15","guid":{"rendered":"http:\/\/laboix-demo.local\/?page_id=93"},"modified":"2025-03-29T17:32:15","modified_gmt":"2025-03-29T16:32:15","slug":"acquisition-approvisionnement-des-produits","status":"publish","type":"page","link":"https:\/\/www.esmvpharma.mr\/en\/acquisition-approvisionnement-des-produits\/","title":{"rendered":"Procurement and Supply of Products"},"content":{"rendered":"<div data-elementor-type=\"wp-page\" data-elementor-id=\"93\" class=\"elementor elementor-93\">\n\t\t\t\t<div class=\"elementor-element elementor-element-26baefa5 service-details e-flex e-con-boxed e-con e-parent\" data-id=\"26baefa5\" data-element_type=\"container\" data-e-type=\"container\">\n\t\t\t\t\t<div class=\"e-con-inner\">\n\t\t<div class=\"elementor-element elementor-element-206c1872 e-con-full e-flex e-con e-child\" data-id=\"206c1872\" data-element_type=\"container\" data-e-type=\"container\">\n\t\t\t\t<div class=\"elementor-element elementor-element-6873b8ff elementor-widget elementor-widget-sidebar-nav\" data-id=\"6873b8ff\" data-element_type=\"widget\" data-e-type=\"widget\" data-widget_type=\"sidebar-nav.default\">\n\t\t\t\t<div class=\"elementor-widget-container\">\n\t\t\t\t\t    <div class=\"service-sidebar__single\">\r\n        <h3 class=\"service-sidebar__title\">Our Services<\/h3>                    <ul id=\"menu-services-menu\" class=\"list-unstyled service-sidebar__nav\"><li id=\"menu-item-124\" class=\"menu-item menu-item-type-post_type menu-item-object-page menu-item-124\"><a href=\"https:\/\/www.esmvpharma.mr\/en\/acquisition-approvisionnement-des-produits\/\">Procurement and Supply of Products<\/a><\/li>\n<li id=\"menu-item-2830\" class=\"menu-item menu-item-type-post_type menu-item-object-page menu-item-2830\"><a href=\"https:\/\/www.esmvpharma.mr\/en\/stockage-distribution\/\">Storage and Distribution<\/a><\/li>\n<li id=\"menu-item-2829\" class=\"menu-item menu-item-type-post_type menu-item-object-page menu-item-2829\"><a href=\"https:\/\/www.esmvpharma.mr\/en\/systemes-qualite\/\">Quality Systems<\/a><\/li>\n<li id=\"menu-item-2831\" class=\"menu-item menu-item-type-post_type menu-item-object-page menu-item-2831\"><a href=\"https:\/\/www.esmvpharma.mr\/en\/service-client\/\">Customer Services<\/a><\/li>\n<li id=\"menu-item-2827\" class=\"menu-item menu-item-type-post_type menu-item-object-page menu-item-2827\"><a href=\"https:\/\/www.esmvpharma.mr\/en\/service-communautaire\/\">Partner Services<\/a><\/li>\n<li id=\"menu-item-2828\" class=\"menu-item menu-item-type-post_type menu-item-object-page menu-item-2828\"><a href=\"https:\/\/www.esmvpharma.mr\/en\/services-aux-partenaires\/\">Community Service<\/a><\/li>\n<\/ul>            <\/div><!-- \/.service-sidebar__single -->\r\n\t\t\t\t<\/div>\n\t\t\t\t<\/div>\n\t\t\t\t<div class=\"elementor-element elementor-element-4d394035 elementor-widget elementor-widget-laboix-sidebar-call-to-action\" data-id=\"4d394035\" data-element_type=\"widget\" data-e-type=\"widget\" data-widget_type=\"laboix-sidebar-call-to-action.default\">\n\t\t\t\t<div class=\"elementor-widget-container\">\n\t\t\t\t\t    <div class=\"service-sidebar__single  wow fadeInUp\" data-wow-delay='500ms'>\r\n        <div class=\"service-sidebar__contact\">\r\n            <h3 class=\"service-sidebar__contact-title\">Do you have a question?<\/h3>                            <div class=\"service-sidebar__contact-btn\">\r\n                    <a href=\"https:\/\/www.esmvpharma.mr\/en\/contact\/\"  class=\"laboix-btn laboix-btn--submite\">\r\n                        Contact Us                    <\/a>\r\n                <\/div><!-- \/.service-sidebar__contact__icon -->\r\n                        <div class=\"service-sidebar__contact-image\">\r\n                            <\/div>\r\n            <div class=\"service-sidebar__contact-angle\">\r\n                <img decoding=\"async\" src=\"https:\/\/www.esmvpharma.mr\/wp-content\/uploads\/2024\/04\/about-shape-3-2-1.png\" alt=\"about-shape-3-2\" title=\"about-shape-3-2\" >            <\/div>\r\n        <\/div><!-- \/.service-sidebar__contact -->\r\n    <\/div>\r\n\r\n\r\n\t\t\t\t<\/div>\n\t\t\t\t<\/div>\n\t\t\t\t<\/div>\n\t\t<div class=\"elementor-element elementor-element-567e8012 e-con-full e-flex e-con e-child\" data-id=\"567e8012\" data-element_type=\"container\" data-e-type=\"container\">\n\t\t\t\t<div class=\"elementor-element elementor-element-177248f4 elementor-widget elementor-widget-laboix-service-details\" data-id=\"177248f4\" data-element_type=\"widget\" data-e-type=\"widget\" data-widget_type=\"laboix-service-details.default\">\n\t\t\t\t<div class=\"elementor-widget-container\">\n\t\t\t\t\t\t<div class=\"service-details__single\">\r\n\t\t<div class=\"service-details__thumbnail wow fadeInUp\" data-wow-delay='300ms'>\r\n\t\t\t<img decoding=\"async\" src=\"https:\/\/www.esmvpharma.mr\/wp-content\/uploads\/2025\/03\/young-courier-his-colleague-unloading-cardboard-boxes-from-delivery-van-1.jpg\" alt=\"young-courier-his-colleague-unloading-cardboard-boxes-from-delivery-van (1)\" title=\"young-courier-his-colleague-unloading-cardboard-boxes-from-delivery-van (1)\" >\t\t<\/div><!-- \/.service-details__thumbnail -->\r\n\t\t<h4 class=\"service-details__title wow fadeInUp\">Procurement and Supply of Products<\/h4>\r\n\t\t<p class=\"service-details__text wow fadeInUp\" data-wow-delay='350ms'>The company ensures the supply of high-quality products from globally accredited sources that have obtained marketing authorization from the Ministry of Health.<br \/><br \/>It is committed to providing products in substantial and diverse quantities to meet market and customer needs, following a well-structured supply system monitored by qualified pharmacists. <br \/><br \/>\nIn cases of shortages of certain products, the company efficiently coordinates with suppliers to make them available as quickly as possible, leveraging its strong relationships with partners worldwide. <br \/>\n<\/p>\r\n\r\n\t\t<h3 class=\"service-details__sub-title wow fadeInUp\" data-wow-delay='300ms'>It also offers numerous opportunities for laboratories and authorized pharmaceutical distribution agencies to import and distribute their products on a large scale. Recently, it has become a preferred destination for these entities due to its transparency, logistical capabilities, and strong reputation both locally and internationally.<\/h3><!-- \/.service-details__title -->\r\n\t\t<!-- \/.service-details__text -->\r\n\t\t<p class=\"service-details__text wow fadeInUp\" data-wow-delay='350ms'>The company enjoys the trust of its clients and supplier partners and is also highly regarded by local authorities, particularly the Ministry of Health, which has awarded it the Good Distribution Practice (GDP) certification.<\/p><!-- \/.service-details__text -->\r\n\t<\/div><!-- \/.service-details__single-->\r\n\r\n\t\t\t\t<\/div>\n\t\t\t\t<\/div>\n\t\t\t\t<\/div>\n\t\t\t\t\t<\/div>\n\t\t\t\t<\/div>\n\t\t\t\t<\/div>","protected":false},"excerpt":{"rendered":"<p>Nos Services Acquisition et approvisionnement des produits Stockage et distribution Systemes de gestion de qualit\u00e9 Services a la Clientele Services aux Partenaires Services \u00e0 la communaut\u00e9 Vous avez ne Questions? Contactez-Nous Acquisition et approvisionnement des produits L&rsquo;entreprise assure l&rsquo;approvisionnement en produits de haute qualit\u00e9, issus de sources mondialement reconnues et disposant d&rsquo;autorisations de mise sur [&hellip;]<\/p>\n","protected":false},"author":1,"featured_media":0,"parent":0,"menu_order":0,"comment_status":"closed","ping_status":"closed","template":"elementor_header_footer","meta":{"footnotes":""},"class_list":["post-93","page","type-page","status-publish","hentry"],"yoast_head":"<!-- This site is optimized with the Yoast SEO plugin v27.4 - https:\/\/yoast.com\/product\/yoast-seo-wordpress\/ -->\n<title>Acquisition et approvisionnement des produits<\/title>\n<meta name=\"robots\" content=\"index, follow, max-snippet:-1, max-image-preview:large, max-video-preview:-1\" \/>\n<link rel=\"canonical\" href=\"https:\/\/www.esmvpharma.mr\/en\/acquisition-approvisionnement-des-produits\/\" \/>\n<meta property=\"og:locale\" content=\"en_GB\" \/>\n<meta property=\"og:type\" content=\"article\" \/>\n<meta property=\"og:title\" content=\"Acquisition et approvisionnement des produits\" \/>\n<meta property=\"og:description\" content=\"Nos Services Acquisition et approvisionnement des produits Stockage et distribution Systemes de gestion de qualit\u00e9 Services a la Clientele Services aux Partenaires Services \u00e0 la communaut\u00e9 Vous avez ne Questions? Contactez-Nous Acquisition et approvisionnement des produits L&rsquo;entreprise assure l&rsquo;approvisionnement en produits de haute qualit\u00e9, issus de sources mondialement reconnues et disposant d&rsquo;autorisations de mise sur [&hellip;]\" \/>\n<meta property=\"og:url\" content=\"https:\/\/www.esmvpharma.mr\/en\/acquisition-approvisionnement-des-produits\/\" \/>\n<meta property=\"og:site_name\" content=\"ESMV PHARMA\" \/>\n<meta property=\"article:modified_time\" content=\"2025-03-29T16:32:15+00:00\" \/>\n<meta property=\"og:image\" content=\"https:\/\/www.esmvpharma.mr\/wp-content\/uploads\/2024\/04\/about-shape-3-2-1.png\" \/>\n<meta name=\"twitter:card\" content=\"summary_large_image\" \/>\n<meta name=\"twitter:label1\" content=\"Estimated reading time\" \/>\n\t<meta name=\"twitter:data1\" content=\"2 minutes\" \/>\n<script type=\"application\/ld+json\" class=\"yoast-schema-graph\">{\"@context\":\"https:\\\/\\\/schema.org\",\"@graph\":[{\"@type\":\"WebPage\",\"@id\":\"https:\\\/\\\/www.esmvpharma.mr\\\/acquisition-approvisionnement-des-produits\\\/\",\"url\":\"https:\\\/\\\/www.esmvpharma.mr\\\/acquisition-approvisionnement-des-produits\\\/\",\"name\":\"Acquisition et approvisionnement des produits\",\"isPartOf\":{\"@id\":\"https:\\\/\\\/www.esmvpharma.mr\\\/#website\"},\"primaryImageOfPage\":{\"@id\":\"https:\\\/\\\/www.esmvpharma.mr\\\/acquisition-approvisionnement-des-produits\\\/#primaryimage\"},\"image\":{\"@id\":\"https:\\\/\\\/www.esmvpharma.mr\\\/acquisition-approvisionnement-des-produits\\\/#primaryimage\"},\"thumbnailUrl\":\"https:\\\/\\\/www.esmvpharma.mr\\\/wp-content\\\/uploads\\\/2024\\\/04\\\/about-shape-3-2-1.png\",\"datePublished\":\"2024-04-21T04:18:15+00:00\",\"dateModified\":\"2025-03-29T16:32:15+00:00\",\"breadcrumb\":{\"@id\":\"https:\\\/\\\/www.esmvpharma.mr\\\/acquisition-approvisionnement-des-produits\\\/#breadcrumb\"},\"inLanguage\":\"en-GB\",\"potentialAction\":[{\"@type\":\"ReadAction\",\"target\":[\"https:\\\/\\\/www.esmvpharma.mr\\\/acquisition-approvisionnement-des-produits\\\/\"]}]},{\"@type\":\"ImageObject\",\"inLanguage\":\"en-GB\",\"@id\":\"https:\\\/\\\/www.esmvpharma.mr\\\/acquisition-approvisionnement-des-produits\\\/#primaryimage\",\"url\":\"https:\\\/\\\/www.esmvpharma.mr\\\/wp-content\\\/uploads\\\/2024\\\/04\\\/about-shape-3-2-1.png\",\"contentUrl\":\"https:\\\/\\\/www.esmvpharma.mr\\\/wp-content\\\/uploads\\\/2024\\\/04\\\/about-shape-3-2-1.png\"},{\"@type\":\"BreadcrumbList\",\"@id\":\"https:\\\/\\\/www.esmvpharma.mr\\\/acquisition-approvisionnement-des-produits\\\/#breadcrumb\",\"itemListElement\":[{\"@type\":\"ListItem\",\"position\":1,\"name\":\"Accueil\",\"item\":\"https:\\\/\\\/www.esmvpharma.mr\\\/\"},{\"@type\":\"ListItem\",\"position\":2,\"name\":\"Acquisition et approvisionnement des produits\"}]},{\"@type\":\"WebSite\",\"@id\":\"https:\\\/\\\/www.esmvpharma.mr\\\/#website\",\"url\":\"https:\\\/\\\/www.esmvpharma.mr\\\/\",\"name\":\"ESMV PHARMA\",\"description\":\"\",\"publisher\":{\"@id\":\"https:\\\/\\\/www.esmvpharma.mr\\\/#organization\"},\"potentialAction\":[{\"@type\":\"SearchAction\",\"target\":{\"@type\":\"EntryPoint\",\"urlTemplate\":\"https:\\\/\\\/www.esmvpharma.mr\\\/?s={search_term_string}\"},\"query-input\":{\"@type\":\"PropertyValueSpecification\",\"valueRequired\":true,\"valueName\":\"search_term_string\"}}],\"inLanguage\":\"en-GB\"},{\"@type\":\"Organization\",\"@id\":\"https:\\\/\\\/www.esmvpharma.mr\\\/#organization\",\"name\":\"ESMV PHARMA\",\"url\":\"https:\\\/\\\/www.esmvpharma.mr\\\/\",\"logo\":{\"@type\":\"ImageObject\",\"inLanguage\":\"en-GB\",\"@id\":\"https:\\\/\\\/www.esmvpharma.mr\\\/#\\\/schema\\\/logo\\\/image\\\/\",\"url\":\"https:\\\/\\\/www.esmvpharma.mr\\\/wp-content\\\/uploads\\\/2024\\\/04\\\/logo.png\",\"contentUrl\":\"https:\\\/\\\/www.esmvpharma.mr\\\/wp-content\\\/uploads\\\/2024\\\/04\\\/logo.png\",\"width\":454,\"height\":303,\"caption\":\"ESMV PHARMA\"},\"image\":{\"@id\":\"https:\\\/\\\/www.esmvpharma.mr\\\/#\\\/schema\\\/logo\\\/image\\\/\"}}]}<\/script>\n<!-- \/ Yoast SEO plugin. -->","yoast_head_json":{"title":"Procurement and Supply of Products","robots":{"index":"index","follow":"follow","max-snippet":"max-snippet:-1","max-image-preview":"max-image-preview:large","max-video-preview":"max-video-preview:-1"},"canonical":"https:\/\/www.esmvpharma.mr\/en\/acquisition-approvisionnement-des-produits\/","og_locale":"en_GB","og_type":"article","og_title":"Acquisition et approvisionnement des produits","og_description":"Nos Services Acquisition et approvisionnement des produits Stockage et distribution Systemes de gestion de qualit\u00e9 Services a la Clientele Services aux Partenaires Services \u00e0 la communaut\u00e9 Vous avez ne Questions? Contactez-Nous Acquisition et approvisionnement des produits L&rsquo;entreprise assure l&rsquo;approvisionnement en produits de haute qualit\u00e9, issus de sources mondialement reconnues et disposant d&rsquo;autorisations de mise sur [&hellip;]","og_url":"https:\/\/www.esmvpharma.mr\/en\/acquisition-approvisionnement-des-produits\/","og_site_name":"ESMV PHARMA","article_modified_time":"2025-03-29T16:32:15+00:00","og_image":[{"url":"https:\/\/www.esmvpharma.mr\/wp-content\/uploads\/2024\/04\/about-shape-3-2-1.png","type":"","width":"","height":""}],"twitter_card":"summary_large_image","twitter_misc":{"Estimated reading time":"2 minutes"},"schema":{"@context":"https:\/\/schema.org","@graph":[{"@type":"WebPage","@id":"https:\/\/www.esmvpharma.mr\/acquisition-approvisionnement-des-produits\/","url":"https:\/\/www.esmvpharma.mr\/acquisition-approvisionnement-des-produits\/","name":"Procurement and Supply of Products","isPartOf":{"@id":"https:\/\/www.esmvpharma.mr\/#website"},"primaryImageOfPage":{"@id":"https:\/\/www.esmvpharma.mr\/acquisition-approvisionnement-des-produits\/#primaryimage"},"image":{"@id":"https:\/\/www.esmvpharma.mr\/acquisition-approvisionnement-des-produits\/#primaryimage"},"thumbnailUrl":"https:\/\/www.esmvpharma.mr\/wp-content\/uploads\/2024\/04\/about-shape-3-2-1.png","datePublished":"2024-04-21T04:18:15+00:00","dateModified":"2025-03-29T16:32:15+00:00","breadcrumb":{"@id":"https:\/\/www.esmvpharma.mr\/acquisition-approvisionnement-des-produits\/#breadcrumb"},"inLanguage":"en-GB","potentialAction":[{"@type":"ReadAction","target":["https:\/\/www.esmvpharma.mr\/acquisition-approvisionnement-des-produits\/"]}]},{"@type":"ImageObject","inLanguage":"en-GB","@id":"https:\/\/www.esmvpharma.mr\/acquisition-approvisionnement-des-produits\/#primaryimage","url":"https:\/\/www.esmvpharma.mr\/wp-content\/uploads\/2024\/04\/about-shape-3-2-1.png","contentUrl":"https:\/\/www.esmvpharma.mr\/wp-content\/uploads\/2024\/04\/about-shape-3-2-1.png"},{"@type":"BreadcrumbList","@id":"https:\/\/www.esmvpharma.mr\/acquisition-approvisionnement-des-produits\/#breadcrumb","itemListElement":[{"@type":"ListItem","position":1,"name":"Accueil","item":"https:\/\/www.esmvpharma.mr\/"},{"@type":"ListItem","position":2,"name":"Acquisition et approvisionnement des produits"}]},{"@type":"WebSite","@id":"https:\/\/www.esmvpharma.mr\/#website","url":"https:\/\/www.esmvpharma.mr\/","name":"ESMV PHARMA","description":"","publisher":{"@id":"https:\/\/www.esmvpharma.mr\/#organization"},"potentialAction":[{"@type":"SearchAction","target":{"@type":"EntryPoint","urlTemplate":"https:\/\/www.esmvpharma.mr\/?s={search_term_string}"},"query-input":{"@type":"PropertyValueSpecification","valueRequired":true,"valueName":"search_term_string"}}],"inLanguage":"en-GB"},{"@type":"Organization","@id":"https:\/\/www.esmvpharma.mr\/#organization","name":"ESMV PHARMA","url":"https:\/\/www.esmvpharma.mr\/","logo":{"@type":"ImageObject","inLanguage":"en-GB","@id":"https:\/\/www.esmvpharma.mr\/#\/schema\/logo\/image\/","url":"https:\/\/www.esmvpharma.mr\/wp-content\/uploads\/2024\/04\/logo.png","contentUrl":"https:\/\/www.esmvpharma.mr\/wp-content\/uploads\/2024\/04\/logo.png","width":454,"height":303,"caption":"ESMV PHARMA"},"image":{"@id":"https:\/\/www.esmvpharma.mr\/#\/schema\/logo\/image\/"}}]}},"_links":{"self":[{"href":"https:\/\/www.esmvpharma.mr\/en\/wp-json\/wp\/v2\/pages\/93","targetHints":{"allow":["GET"]}}],"collection":[{"href":"https:\/\/www.esmvpharma.mr\/en\/wp-json\/wp\/v2\/pages"}],"about":[{"href":"https:\/\/www.esmvpharma.mr\/en\/wp-json\/wp\/v2\/types\/page"}],"author":[{"embeddable":true,"href":"https:\/\/www.esmvpharma.mr\/en\/wp-json\/wp\/v2\/users\/1"}],"replies":[{"embeddable":true,"href":"https:\/\/www.esmvpharma.mr\/en\/wp-json\/wp\/v2\/comments?post=93"}],"version-history":[{"count":11,"href":"https:\/\/www.esmvpharma.mr\/en\/wp-json\/wp\/v2\/pages\/93\/revisions"}],"predecessor-version":[{"id":2884,"href":"https:\/\/www.esmvpharma.mr\/en\/wp-json\/wp\/v2\/pages\/93\/revisions\/2884"}],"wp:attachment":[{"href":"https:\/\/www.esmvpharma.mr\/en\/wp-json\/wp\/v2\/media?parent=93"}],"curies":[{"name":"wp","href":"https:\/\/api.w.org\/{rel}","templated":true}]}}